{"id":2340,"date":"2025-04-08T14:26:27","date_gmt":"2025-04-08T14:26:27","guid":{"rendered":"https:\/\/fjon.de\/?page_id=2340"},"modified":"2025-09-05T12:20:38","modified_gmt":"2025-09-05T10:20:38","slug":"altersfreigabe","status":"publish","type":"page","link":"https:\/\/fjon.de\/?page_id=2340","title":{"rendered":"ALTERSFREIGABE"},"content":{"rendered":"&nbsp;\n\n<div class=\"wp-block-buttons is-content-justification-center is-layout-flex wp-container-core-buttons-is-layout-a89b3969 wp-block-buttons-is-layout-flex\">\n<div class=\"wp-block-button\"><a class=\"wp-block-button__link wp-element-button\" href=\"https:\/\/fjon.de\/?cat=5647\">FSK0<\/a><\/div>\n\n\n\n<div class=\"wp-block-button\"><a class=\"wp-block-button__link wp-element-button\" href=\"https:\/\/fjon.de\/?cat=6\">FSK6<\/a><\/div>\n\n\n\n<div class=\"wp-block-button\"><a class=\"wp-block-button__link wp-element-button\" href=\"https:\/\/fjon.de\/?cat=3\">FSK12<\/a><\/div>\n\n\n\n<div class=\"wp-block-button\"><a class=\"wp-block-button__link wp-element-button\" href=\"https:\/\/fjon.de\/?cat=4\">FSK16<\/a><\/div>\n\n\n\n<div class=\"wp-block-button\"><a class=\"wp-block-button__link wp-element-button\" href=\"https:\/\/fjon.de\/?cat=5\">FSK18<\/a><\/div>\n\n\n\n<div class=\"wp-block-button\"><a class=\"wp-block-button__link wp-element-button\" href=\"https:\/\/fjon.de\/?cat=29\">SPIO\/JK<\/a><\/div>\n\n\n\n<div class=\"wp-block-button\"><a class=\"wp-block-button__link wp-element-button\" href=\"https:\/\/fjon.de\/?cat=40\">UNRATED<\/a><\/div>\n\n\n\n<div class=\"wp-block-button\"><a class=\"wp-block-button__link wp-element-button\" href=\"https:\/\/fjon.de\/?cat=78701\">\u00a7131<\/a><\/div>\n<\/div>\n\n\n\n<p><\/p>\n\n&nbsp;\n\n<hr style=\"height: 3px; width: 100%; background-color: #046BD2;\" \/>\n<p style=\"text-align: justify;\"><strong>FSK0:<\/strong> Ab 0 Jahren werden Filme freigegeben, bei denen eine nachhaltig negative Wirkung f\u00fcr alle Altersgruppen ausgeschlossen wurden. Kleinkinder versetzen sich leicht in die Handlung und die handelnden Figuren. Insbesondere, wenn diese an ihre Alltagsrealit\u00e4t ankn\u00fcpfen. Sie erleben filmische Inhalte direkt und spontan. Teilweise k\u00f6nnen Filme noch nicht als Ganzes erfasst werden. Damit kurze belastende oder bedrohliche Szenen keine nachhaltigen \u00c4ngste oder Irritationen ausl\u00f6sen, ist eine unmittelbare positive Aufl\u00f6sung oder emotionale Entlastung z.B. durch Humor wichtig.<\/p>\n<hr style=\"height: 3px; width: 100%; background-color: #046BD2;\" \/>\n<p style=\"text-align: justify;\"><strong>FSK6:<\/strong> Ab 6 Jahren entwickeln Kinder zunehmend die F\u00e4higkeit spannende und bedrohliche Momente in Filmen zu verarbeiten. Sie tauchen dabei immer noch stark in die Filmhandlung ein und f\u00fchlen mit den Identifikationsfiguren mit. Die Unterscheidung von fiktionalen Geschichten von der eigenen Lebensrealit\u00e4t entwickelt sich in dieser Altersgruppe und erm\u00f6glicht eine distanziertere Wahrnehmung. Dennoch sollten Spannungs- und Bedrohungsmomente in Filmen ab 6 Jahren eher kurz gestaltet sein und positiv aufgel\u00f6st werden. Negative Verhaltensmuster sollten abgelehnt werden.<\/p>\n<hr style=\"height: 3px; width: 100%; background-color: #046BD2;\" \/>\n<p style=\"text-align: justify;\"><strong>FSK12:<\/strong> 12- bis 15-J\u00e4hrige befinden sich in der Pubert\u00e4t, einer Phase der Selbstfindung, die mit Unsicherheiten und Verletzbarkeit verbunden sein kann. Daher k\u00f6nnen zum Beispiel Filme, die zur Identifikation mit antisozialen oder destruktiven Figuren einladen, ein Gef\u00e4hrdungspotenzial darstellen. Filme, die gesellschaftlich relevante Themen problematisieren, sind f\u00fcr diese Altersgruppe durchaus zumutbar und wichtig f\u00fcr ihre Meinungsbildung und Entwicklung. Die Altersgruppe kennt aufgrund ihrer medialen Erfahrungen bereits zahlreiche Genres und die mit ihnen verbundenen Konventionen. Das Filmgeschehen kann rational und mit einer gewissen Distanz verarbeitet werden. <strong>Parental-Guidance-Regelung (PG):<\/strong> Kinder ab 6 Jahren k\u00f6nnen Kinofilme mit einer FSK Freigabe ab 12 Jahren besuchen, wenn sie ein Elternteil oder eine erziehungsbeauftragte Person dabei begleitet. Eltern haben dadurch das Privileg, aber auch die Verantwortung den individuellen Entwicklungsstand ihres Kindes bei der Auswahl von Kinofilmen einzusch\u00e4tzen und ein gemeinsames Kinoerlebnis mit der ganzen Familie zu erm\u00f6glichen. Die Parental-Guidance-Regelung gilt nur f\u00fcr Filme mit einer FSK Freigabe ab 12 Jahren.<\/p>\n<hr style=\"height: 3px; width: 100%; background-color: #046BD2;\" \/>\n<p style=\"text-align: justify;\"><strong>FSK16:<\/strong> 16- bis 18-J\u00e4hrige verf\u00fcgen bereits \u00fcber sehr umfangreiche mediale Erfahrungen, k\u00f6nnen Genres und \u00fcberzeichnete Darstellungen zuverl\u00e4ssig einordnen und das Filmgeschehen sehr differenziert betrachten. Problematisch f\u00fcr diese Altersgruppe k\u00f6nnen z.B. Filme und Serien sein, die Gewalt als Mittel zur Konfliktl\u00f6sung zeigen, Sexualit\u00e4t au\u00dferhalb von partnerschaftlichen, gleichberechtigten Beziehungen darstellen oder Diskriminierung und politische Radikalisierung ohne ausreichend kritischen Kontext darstellen.<\/p>\n<hr style=\"height: 3px; width: 100%; background-color: #046BD2;\" \/>\n<p style=\"text-align: justify;\"><strong>FSK18:<\/strong> Eine Freigabe ab 18 Jahren wird erteilt, wenn ein filmischer Inhalt f\u00fcr Kinder und Jugendliche beeintr\u00e4chtigend ist, jedoch keine einfache oder schwere Jugendgef\u00e4hrdung festgestellt wurde. Mit FSK 18 gekennzeichnete Filme k\u00f6nnen demnach nicht von der Bundeszentrale f\u00fcr Kinder- und Jugendmedienschutz indiziert werden.<\/p>\n<hr style=\"height: 3px; width: 100%; background-color: #046BD2;\" \/>\n<p style=\"text-align: justify;\"><strong>SPIO\/JK:<\/strong> Die Juristenkommission (JK) der SPIO kann eine gutachterliche Stellungnahme abgeben, wenn eine FSK-Kennzeichnung abgelehnt wurde. Die JK pr\u00fcft, ob ein Medium gegen strafrechtliche Bestimmungen verst\u00f6\u00dft. Medien mit einer SPIO\/JK Kennzeichnung d\u00fcrfen grunds\u00e4tzlich nur an Erwachsene abgegeben werden.<\/p>\n<hr style=\"height: 3px; width: 100%; background-color: #046BD2;\" \/>\n<p style=\"text-align: justify;\"><strong>UNRATED:<\/strong> Als Unrated werden Filme gekennzeichnet, die der FSK -aus Kostengr\u00fcnden oder wegen Gewaltexzessen- nicht zur Pr\u00fcfung vorgelegt wurden und daher in Deutschland nicht vertrieben &#038; verkauft werden d\u00fcrfen. Ein Zuwiderhandeln kann eine Beschlagnahme und\/oder Einziehung zur Folge haben.<\/p>\n<hr style=\"height: 3px; width: 100%; background-color: #046BD2;\" \/>\n<p style=\"text-align: justify;\"><strong>\u00a7131:<\/strong> Mit Freiheitsstrafe bis zu einem Jahr oder mit Geldstrafe wird bestraft, wer einen Inhalt, der grausame oder sonst unmenschliche Gewaltt\u00e4tigkeiten gegen Menschen oder menschen\u00e4hnliche Wesen in einer Art schildert, die eine Verherrlichung oder Verharmlosung solcher Gewaltt\u00e4tigkeiten ausdr\u00fcckt oder die das Grausame oder Unmenschliche des Vorgangs in einer die Menschenw\u00fcrde verletzenden Weise darstellt, verbreitet bzw. der \u00d6ffentlichkeit zug\u00e4nglich macht und\/oder einer Person unter achtzehn Jahren anbietet, \u00fcberl\u00e4sst oder zug\u00e4nglich macht.<\/p>\n<hr style=\"height: 3px; width: 100%; background-color: #046BD2;\" \/>\n<p style=\"text-align: center;\">Weitere Infos zu Altersfreigaben und Pr\u00fcfverfahren: <a href=\"https:\/\/fjon.de\/?page_id=5564\" style=\"text-decoration: none\" target=\"_self\" rel=\"noopener\">GLOSSAR<\/a><\/p>","protected":false},"excerpt":{"rendered":"<p>&nbsp; &nbsp; FSK0: Ab 0 Jahren werden Filme freigegeben, bei denen eine nachhaltig negative Wirkung f\u00fcr alle Altersgruppen ausgeschlossen wurden. [&hellip;]<\/p>\n","protected":false},"author":1,"featured_media":0,"parent":2337,"menu_order":0,"comment_status":"closed","ping_status":"closed","template":"","meta":{"site-sidebar-layout":"default","site-content-layout":"","ast-site-content-layout":"default","site-content-style":"default","site-sidebar-style":"default","ast-global-header-display":"","ast-banner-title-visibility":"","ast-main-header-display":"","ast-hfb-above-header-display":"","ast-hfb-below-header-display":"","ast-hfb-mobile-header-display":"","site-post-title":"","ast-breadcrumbs-content":"","ast-featured-img":"","footer-sml-layout":"","ast-disable-related-posts":"","theme-transparent-header-meta":"","adv-header-id-meta":"","stick-header-meta":"","header-above-stick-meta":"","header-main-stick-meta":"","header-below-stick-meta":"","astra-migrate-meta-layouts":"default","ast-page-background-enabled":"default","ast-page-background-meta":{"desktop":{"background-color":"var(--ast-global-color-5)","background-image":"","background-repeat":"repeat","background-position":"center center","background-size":"auto","background-attachment":"scroll","background-type":"","background-media":"","overlay-type":"","overlay-color":"","overlay-opacity":"","overlay-gradient":""},"tablet":{"background-color":"","background-image":"","background-repeat":"repeat","background-position":"center center","background-size":"auto","background-attachment":"scroll","background-type":"","background-media":"","overlay-type":"","overlay-color":"","overlay-opacity":"","overlay-gradient":""},"mobile":{"background-color":"","background-image":"","background-repeat":"repeat","background-position":"center center","background-size":"auto","background-attachment":"scroll","background-type":"","background-media":"","overlay-type":"","overlay-color":"","overlay-opacity":"","overlay-gradient":""}},"ast-content-background-meta":{"desktop":{"background-color":"var(--ast-global-color-4)","background-image":"","background-repeat":"repeat","background-position":"center center","background-size":"auto","background-attachment":"scroll","background-type":"","background-media":"","overlay-type":"","overlay-color":"","overlay-opacity":"","overlay-gradient":""},"tablet":{"background-color":"var(--ast-global-color-4)","background-image":"","background-repeat":"repeat","background-position":"center center","background-size":"auto","background-attachment":"scroll","background-type":"","background-media":"","overlay-type":"","overlay-color":"","overlay-opacity":"","overlay-gradient":""},"mobile":{"background-color":"var(--ast-global-color-4)","background-image":"","background-repeat":"repeat","background-position":"center center","background-size":"auto","background-attachment":"scroll","background-type":"","background-media":"","overlay-type":"","overlay-color":"","overlay-opacity":"","overlay-gradient":""}},"footnotes":""},"class_list":["post-2340","page","type-page","status-publish","hentry"],"_links":{"self":[{"href":"https:\/\/fjon.de\/index.php?rest_route=\/wp\/v2\/pages\/2340","targetHints":{"allow":["GET"]}}],"collection":[{"href":"https:\/\/fjon.de\/index.php?rest_route=\/wp\/v2\/pages"}],"about":[{"href":"https:\/\/fjon.de\/index.php?rest_route=\/wp\/v2\/types\/page"}],"author":[{"embeddable":true,"href":"https:\/\/fjon.de\/index.php?rest_route=\/wp\/v2\/users\/1"}],"replies":[{"embeddable":true,"href":"https:\/\/fjon.de\/index.php?rest_route=%2Fwp%2Fv2%2Fcomments&post=2340"}],"version-history":[{"count":0,"href":"https:\/\/fjon.de\/index.php?rest_route=\/wp\/v2\/pages\/2340\/revisions"}],"up":[{"embeddable":true,"href":"https:\/\/fjon.de\/index.php?rest_route=\/wp\/v2\/pages\/2337"}],"wp:attachment":[{"href":"https:\/\/fjon.de\/index.php?rest_route=%2Fwp%2Fv2%2Fmedia&parent=2340"}],"curies":[{"name":"wp","href":"https:\/\/api.w.org\/{rel}","templated":true}]}}