{"id":5564,"date":"2025-07-29T12:12:19","date_gmt":"2025-07-29T10:12:19","guid":{"rendered":"https:\/\/fjon.de\/?page_id=5564"},"modified":"2026-01-28T12:48:35","modified_gmt":"2026-01-28T11:48:35","slug":"glossar","status":"publish","type":"page","link":"https:\/\/fjon.de\/?page_id=5564","title":{"rendered":"GLOSSAR"},"content":{"rendered":"<hr style=\"height: 3px; width: 100%; background-color: #046BD2;\" \/>\n<strong><span style=\"background-color: #046BD2; color: #FFFFFF\">&nbsp;FSK18&nbsp;<\/span><\/strong><\/p>\n<p style=\"text-align: justify;\">Das heutige <strong>\u201eFSK ab 18\u201c ist eine andere Bezeichnung f\u00fcr \u201eKeine Jugendfreigabe\u201c<\/strong>. Diese Kennzeichnung verhindert -wie niedrigere Freigaben auch- dass ein Film auf den Index der Bundespr\u00fcfstelle f\u00fcr jugendgef\u00e4hrdende Medien (BPjM) gesetzt werden kann. <strong>Filme mit der Freigabe \u201eNicht freigegeben unter 18 Jahren\u201c k\u00f6nnen hingegen indiziert werden (siehe SPIO\/JK).<\/strong><\/p>\n<p style=\"text-align: right;\"><strong><a href=\"https:\/\/www.fsk.de\/\" style=\"text-decoration: none\" target=\"_blank\" rel=\"noopener\">FSK<\/a><\/strong><\/p>\n<hr style=\"height: 3px; width: 100%; background-color: #046BD2;\" \/>\n<strong><span style=\"background-color: #046BD2; color: #FFFFFF\">&nbsp;SPIO\/JK&nbsp;<\/span><\/strong><\/p>\n<p style=\"text-align: justify;\">Filme mit der Kennzeichung <strong>\u201eNicht freigegeben unter 18 Jahren\u201c<\/strong> wurden von einer Juristenkommission (SPIO\/JK) hinsichtlich einer schweren Jugendgef\u00e4hrdung gepr\u00fcft. <strong>Ein von der SPIO\/JK &#8222;freigegebener&#8220; Film kann sp\u00e4ter immer noch indiziert und\/oder gem\u00e4\u00df \u00a7131 beschlagnahmt werden.<\/strong> Die Entscheidung des JK-Gremiums kann mit einem richterlichen Beschluss ausser Kraft gesetzt bzw. revidiert werden.<br \/>\n&nbsp;<br \/>\n<strong>Folgende SPIO\/JK Freigaben gibt es:<\/strong><\/p>\n<p style=\"text-align: justify;\"><strong>SPIO\/JK gepr\u00fcft &#8211; keine schwere Jugendgef\u00e4hrdung: <\/strong>Ein so gekennzeichnetes Medium darf -analog zu Titeln mit der Freigabe &#8222;FSK ab 18&#8220;- bis zu einer m\u00f6glichen Indizierung durch die <strong>Bundespr\u00fcfstelle f\u00fcr jugendgef\u00e4hrdende Medien (BPjM)<\/strong> im Handel offen ausgestellt werden. Der Verkauf ist nur an Personen ab 18 Jahren erlaubt.<\/p>\n<p style=\"text-align: justify;\"><strong>SPIO\/JK gepr\u00fcft &#8211; strafrechtlich unbedenklich: <\/strong>Ein derartig gekennzeichnetes Medium unterliegt automatisch den Vertriebs- und Werbebeschr\u00e4nkungen nach \u00a7 15 JuSchG Abs. 1 Nr. 1\u20137. &#8211; die SPIO geht somit von einer schweren Jugendgef\u00e4hrdung aus. Daher darf ein solches Medium nicht offen im Handel ausgestellt werden und nur auf gezielte Nachfrage vollj\u00e4hriger Personen \u201eunter der Ladentheke\u201c verkauft werden. Es ist damit indizierten Titeln gleichgestellt.<\/p>\n<p style=\"text-align: right;\"><strong><a href=\"https:\/\/www.spio.de\/\" style=\"text-decoration: none\" target=\"_blank\" rel=\"noopener\">SPIO\/JK<\/a><\/strong><\/p>\n<hr style=\"height: 3px; width: 100%; background-color: #046BD2;\" \/>\n<strong><span style=\"background-color: #046BD2; color: #FFFFFF\">&nbsp;INDIZIERUNG&nbsp;<\/span><\/strong><\/p>\n<p style=\"text-align: justify;\">Bis zum 30. April 2021 gab es zwei \u00f6ffentliche Listen (A und B). Liste A enthielt Medien, die als jugendgef\u00e4hrdend eingestuft wurden. Auf Liste B wurden Medien gesetzt, die zus\u00e4tzlich zur Jugendgef\u00e4hrdung als strafrechtlich relevant eingestuft wurden und bei denen eine Beschlagnahme durch die Staatsanwaltschaft drohte.  <strong>Seit dem 1. Mai 2021 werden alle jugendgef\u00e4hrdenden Medien in einer einzigen Liste gef\u00fchrt, ohne die Unterscheidung zwischen A und B Index.<\/strong><\/p>\n<p style=\"text-align: right;\"><strong><a href=\"https:\/\/www.schnittberichte.com\/svds.php?Page=Indizierungen\" style=\"text-decoration: none\" target=\"_blank\" rel=\"noopener\">INDIZIERUNG<\/a><\/strong><\/p>\n<hr style=\"height: 3px; width: 100%; background-color: #046BD2;\" \/>\n<strong><span style=\"background-color: #046BD2; color: #FFFFFF\">&nbsp;BESCHLAGNAHME \/ EINZIEHUNG&nbsp;<\/span><\/strong><\/p>\n<p style=\"text-align: justify;\"><strong>Eine Beschlagnahme erfolgt gem\u00e4\u00df \u00a7131 f\u00fcr die Beweisaufnahme (siehe \u00a7131 StGB).<\/strong> Eine Einziehung des Gegenstandes wird ggfs. im Urteil angeordnet.<\/p>\n<p style=\"text-align: right;\"><strong><a href=\"https:\/\/www.schnittberichte.com\/svds.php?Page=Beschlagnahmen\" style=\"text-decoration: none\" target=\"_blank\" rel=\"noopener\">BESCHLAGNAHME<\/a><\/strong><\/p>\n<hr style=\"height: 3px; width: 100%; background-color: #046BD2;\" \/>\n<strong><span style=\"background-color: #046BD2; color: #FFFFFF\">&nbsp;\u00a7131 StGB&nbsp;<\/span><\/strong><\/p>\n<p style=\"text-align: justify;\"><strong>Mit Freiheitsstrafe bis zu einem Jahr oder mit Geldstrafe wird bestraft, wer einen Inhalt,<\/strong> der grausame oder sonst unmenschliche Gewaltt\u00e4tigkeiten gegen Menschen oder menschen\u00e4hnliche Wesen in einer Art schildert, die eine Verherrlichung oder Verharmlosung solcher Gewaltt\u00e4tigkeiten ausdr\u00fcckt oder die das Grausame oder Unmenschliche des Vorgangs in einer die Menschenw\u00fcrde verletzenden Weise darstellt, <strong>verbreitet bzw. der \u00d6ffentlichkeit zug\u00e4nglich macht und\/oder einer Person unter achtzehn Jahren anbietet, \u00fcberl\u00e4sst oder zug\u00e4nglich macht.<\/strong><\/p>\n<p style=\"text-align: right;\"><strong><a href=\"https:\/\/r2a.eu\/Docs\/Allgemein\/131.pdf\" style=\"text-decoration: none\" target=\"_blank\" rel=\"noopener\">\u00a7 131 StGB<\/a><\/strong><\/p>\n<hr style=\"height: 3px; width: 100%; background-color: #046BD2;\" \/>\n<strong><span style=\"background-color: #046BD2; color: #FFFFFF\">&nbsp;\u00a714 JUSCHG&nbsp;<\/span><\/strong><\/p>\n<p style=\"text-align: justify;\">\u00a7 14 des <strong>Jugendschutzgesetzes (JuSchG)<\/strong> regelt die Kennzeichnung von Filmen und Spielprogrammen. Ziel ist es, zu verhindern, dass Kinder und Jugendliche Filme oder Spiele sehen oder spielen, die ihrer Entwicklung schaden k\u00f6nnten.<\/p>\n<p style=\"text-align: right;\"><strong><a href=\"https:\/\/r2a.eu\/Docs\/Allgemein\/juschg14.pdf\" style=\"text-decoration: none\" target=\"_blank\" rel=\"noopener\">\u00a7 14 JuSchG<\/a><\/strong><\/p>\n<hr style=\"height: 3px; width: 100%; background-color: #046BD2;\" \/>\n<strong><span style=\"background-color: #046BD2; color: #FFFFFF\">&nbsp;\u00a715 JUSCHG&nbsp;<\/span><\/strong><\/p>\n<p style=\"text-align: justify;\">\u00a7 15 des <strong>Jugendschutzgesetzes (JuSchG)<\/strong> regelt die Abgabe und das Zug\u00e4nglichmachen von Medieninhalten, die f\u00fcr Kinder und Jugendliche ungeeignet sind.<\/p>\n<p style=\"text-align: right;\"><strong><a href=\"https:\/\/r2a.eu\/Docs\/Allgemein\/juschg15.pdf\" style=\"text-decoration: none\" target=\"_blank\" rel=\"noopener\">\u00a7 15 JuSchG<\/a><\/strong><\/p>\n<hr style=\"height: 3px; width: 100%; background-color: #046BD2;\" \/>\n<strong><span style=\"background-color: #046BD2; color: #FFFFFF\">&nbsp;BPJM&nbsp;<\/span><\/strong><\/p>\n<p style=\"text-align: justify;\">Die <strong>&#8222;Bundespr\u00fcfstelle f\u00fcr jugendgef\u00e4hrdende Medien&#8220;<\/strong> hat die Aufgabe, auf Antrag von Jugendministern und -\u00e4mtern jugendgef\u00e4hrdenden Medien strafbewehrten Verboten zu unterwerfen, damit sie nur noch Erwachsenen, nicht aber Kindern zug\u00e4nglich sind.<\/p>\n<p style=\"text-align: right;\"><strong><a href=\"https:\/\/www.bzkj.de\/\" style=\"text-decoration: none\" target=\"_blank\" rel=\"noopener\">BPjM<\/a><\/strong><\/p>\n<hr style=\"height: 3px; width: 100%; background-color: #046BD2;\" \/>\n","protected":false},"excerpt":{"rendered":"<p>&nbsp;FSK18&nbsp; Das heutige \u201eFSK ab 18\u201c ist eine andere Bezeichnung f\u00fcr \u201eKeine Jugendfreigabe\u201c. Diese Kennzeichnung verhindert -wie niedrigere Freigaben auch- [&hellip;]<\/p>\n","protected":false},"author":1,"featured_media":0,"parent":1120,"menu_order":0,"comment_status":"closed","ping_status":"closed","template":"","meta":{"site-sidebar-layout":"default","site-content-layout":"","ast-site-content-layout":"default","site-content-style":"default","site-sidebar-style":"default","ast-global-header-display":"","ast-banner-title-visibility":"","ast-main-header-display":"","ast-hfb-above-header-display":"","ast-hfb-below-header-display":"","ast-hfb-mobile-header-display":"","site-post-title":"","ast-breadcrumbs-content":"","ast-featured-img":"","footer-sml-layout":"","ast-disable-related-posts":"","theme-transparent-header-meta":"","adv-header-id-meta":"","stick-header-meta":"","header-above-stick-meta":"","header-main-stick-meta":"","header-below-stick-meta":"","astra-migrate-meta-layouts":"default","ast-page-background-enabled":"default","ast-page-background-meta":{"desktop":{"background-color":"var(--ast-global-color-5)","background-image":"","background-repeat":"repeat","background-position":"center center","background-size":"auto","background-attachment":"scroll","background-type":"","background-media":"","overlay-type":"","overlay-color":"","overlay-opacity":"","overlay-gradient":""},"tablet":{"background-color":"","background-image":"","background-repeat":"repeat","background-position":"center center","background-size":"auto","background-attachment":"scroll","background-type":"","background-media":"","overlay-type":"","overlay-color":"","overlay-opacity":"","overlay-gradient":""},"mobile":{"background-color":"","background-image":"","background-repeat":"repeat","background-position":"center center","background-size":"auto","background-attachment":"scroll","background-type":"","background-media":"","overlay-type":"","overlay-color":"","overlay-opacity":"","overlay-gradient":""}},"ast-content-background-meta":{"desktop":{"background-color":"var(--ast-global-color-4)","background-image":"","background-repeat":"repeat","background-position":"center center","background-size":"auto","background-attachment":"scroll","background-type":"","background-media":"","overlay-type":"","overlay-color":"","overlay-opacity":"","overlay-gradient":""},"tablet":{"background-color":"var(--ast-global-color-4)","background-image":"","background-repeat":"repeat","background-position":"center center","background-size":"auto","background-attachment":"scroll","background-type":"","background-media":"","overlay-type":"","overlay-color":"","overlay-opacity":"","overlay-gradient":""},"mobile":{"background-color":"var(--ast-global-color-4)","background-image":"","background-repeat":"repeat","background-position":"center center","background-size":"auto","background-attachment":"scroll","background-type":"","background-media":"","overlay-type":"","overlay-color":"","overlay-opacity":"","overlay-gradient":""}},"footnotes":""},"class_list":["post-5564","page","type-page","status-publish","hentry"],"_links":{"self":[{"href":"https:\/\/fjon.de\/index.php?rest_route=\/wp\/v2\/pages\/5564","targetHints":{"allow":["GET"]}}],"collection":[{"href":"https:\/\/fjon.de\/index.php?rest_route=\/wp\/v2\/pages"}],"about":[{"href":"https:\/\/fjon.de\/index.php?rest_route=\/wp\/v2\/types\/page"}],"author":[{"embeddable":true,"href":"https:\/\/fjon.de\/index.php?rest_route=\/wp\/v2\/users\/1"}],"replies":[{"embeddable":true,"href":"https:\/\/fjon.de\/index.php?rest_route=%2Fwp%2Fv2%2Fcomments&post=5564"}],"version-history":[{"count":0,"href":"https:\/\/fjon.de\/index.php?rest_route=\/wp\/v2\/pages\/5564\/revisions"}],"up":[{"embeddable":true,"href":"https:\/\/fjon.de\/index.php?rest_route=\/wp\/v2\/pages\/1120"}],"wp:attachment":[{"href":"https:\/\/fjon.de\/index.php?rest_route=%2Fwp%2Fv2%2Fmedia&parent=5564"}],"curies":[{"name":"wp","href":"https:\/\/api.w.org\/{rel}","templated":true}]}}