{"id":7024,"date":"2025-09-01T11:17:46","date_gmt":"2025-09-01T09:17:46","guid":{"rendered":"https:\/\/fjon.de\/?page_id=7024"},"modified":"2025-09-11T11:06:51","modified_gmt":"2025-09-11T09:06:51","slug":"usa-mpaa","status":"publish","type":"page","link":"https:\/\/fjon.de\/?page_id=7024","title":{"rendered":"USA (MPAA)"},"content":{"rendered":"&nbsp;\n\n<div class=\"wp-block-buttons is-content-justification-center is-layout-flex wp-container-core-buttons-is-layout-a89b3969 wp-block-buttons-is-layout-flex\">\n<div class=\"wp-block-button\"><a class=\"wp-block-button__link has-text-align-center wp-element-button\" href=\"https:\/\/fjon.de\/?page_id=7038\">AUSTRALIEN<\/a><\/div>\n\n\n\n<div class=\"wp-block-button\"><a class=\"wp-block-button__link wp-element-button\" href=\"https:\/\/fjon.de\/?page_id=7022\">DEUTSCHLAND<\/a><\/div>\n\n\n\n<div class=\"wp-block-button\"><a class=\"wp-block-button__link wp-element-button\" href=\"https:\/\/fjon.de\/?page_id=7028\">FRANKREICH<\/a><\/div>\n\n\n\n<div class=\"wp-block-button\"><a class=\"wp-block-button__link wp-element-button\" href=\"https:\/\/fjon.de\/?page_id=7026\">GROSSBRITANNIEN<\/a><\/div>\n\n\n\n<div class=\"wp-block-button\"><a class=\"wp-block-button__link wp-element-button\" href=\"https:\/\/fjon.de\/?page_id=7030\">HONGKONG<\/a><\/div>\n\n\n\n<div class=\"wp-block-button\"><a class=\"wp-block-button__link wp-element-button\" href=\"https:\/\/fjon.de\/?page_id=7032\">ITALIEN<\/a><\/div>\n\n\n\n<div class=\"wp-block-button\"><a class=\"wp-block-button__link wp-element-button\" href=\"https:\/\/fjon.de\/?page_id=7036\">JAPAN<\/a><\/div>\n\n\n\n<div class=\"wp-block-button\"><a class=\"wp-block-button__link wp-element-button\" href=\"https:\/\/fjon.de\/?page_id=7034\">NIEDERLANDE<\/a><\/div>\n\n\n\n<div class=\"wp-block-button\"><a class=\"wp-block-button__link wp-element-button\" href=\"https:\/\/fjon.de\/?page_id=7040\">TAIWAN<\/a><\/div>\n\n\n\n<div class=\"wp-block-button\"><a class=\"wp-block-button__link wp-element-button\" href=\"https:\/\/fjon.de\/?page_id=7024\">USA<\/a><\/div>\n<\/div>\n\n\n\n<p><\/p>\n\n&nbsp;\n<hr style=\"height: 3px; width: 100%; background-color: #046BD2;\" \/>\n\n<strong><mark style=\"background-color: #046BD2; color: white\">&nbsp;MPAA (MOTION PICTURE ASSOCIATION)&nbsp;<\/mark><\/strong>\n<br><\/br>\n<div style=\"color: green;\"><strong>G (General Audiences):<\/strong> Freigegeben f\u00fcr alle Altersgruppen (vergleichbar mit FSK ab 0 Jahren).<br \/><\/div><div style=\"color: darkorange;\"><strong>PG (Parental Guidance Suggested):<\/strong> Eltern wird empfohlen, die Inhalte zu pr\u00fcfen, da einige Szenen f\u00fcr Kinder ungeeignet sein k\u00f6nnten. Dies kann mit FSK ab 6 oder 12 Jahren vergleichbar sein, je nach Inhalt.<br \/><\/div><div style=\"color: purple;\"><strong>PG-13 (Parents Strongly Cautioned):<\/strong> Filme, die f\u00fcr Kinder unter 13 Jahren ungeeignet sind. Dies entspricht etwa einer FSK ab 12 oder 16 Jahren, je nach den spezifischen Inhalten.<br \/><\/div><div style=\"color: red;\"><strong>R (Restricted):<\/strong> Filme, die f\u00fcr Jugendliche unter 17 Jahren nur in Begleitung eines Erziehungsberechtigten freigegeben sind. Dies ist vergleichbar mit FSK ab 16 oder 18 Jahren, abh\u00e4ngig von der Art der Inhalte.<br \/><\/div><div style=\"color: blue;\"><strong>NC-17 (No One 17 and Under Admitted):<\/strong> Filme, die nur f\u00fcr Erwachsene ab 18 Jahren zug\u00e4nglich sind.<br \/><\/div>\n&nbsp;\n<p style=\"text-align: justify;\"><i>Die Freigaben sind nicht gesetzlich vorgeschrieben. Allerdings w\u00fcrde eine &#8222;Unrated&#8220; oder &#8222;NC-17&#8220; Einstufung wirtschaftlichen Druck erzeugen, da Kinos und Medien diese Filme nicht bewerben d\u00fcrfen. Es gibt keinen Zwang f\u00fcr Kinos, Filme mit bestimmten Freigaben zu zeigen. Aber aufgrund des \u00f6konomischen Drucks ist es f\u00fcr die meisten Studios vorteilhaft, Filme mit Freigaben zu ver\u00f6ffentlichen, die f\u00fcr ein breiteres Publikum zug\u00e4nglich sind. Dies f\u00fchrt dazu, dass die meisten Filme mit R oder niedriger bewertet werden, da Filme ohne Freigabe oder mit NC-17 nur von wenigen Kinos gezeigt und von Medien nicht beworben werden.<\/i><\/p>\n<hr style=\"height: 3px; width: 100%; background-color: #046BD2;\" \/>","protected":false},"excerpt":{"rendered":"<p>&nbsp; &nbsp; &nbsp;MPAA (MOTION PICTURE ASSOCIATION)&nbsp; G (General Audiences): Freigegeben f\u00fcr alle Altersgruppen (vergleichbar mit FSK ab 0 Jahren). PG [&hellip;]<\/p>\n","protected":false},"author":1,"featured_media":0,"parent":5655,"menu_order":0,"comment_status":"closed","ping_status":"closed","template":"","meta":{"site-sidebar-layout":"default","site-content-layout":"","ast-site-content-layout":"default","site-content-style":"default","site-sidebar-style":"default","ast-global-header-display":"","ast-banner-title-visibility":"","ast-main-header-display":"","ast-hfb-above-header-display":"","ast-hfb-below-header-display":"","ast-hfb-mobile-header-display":"","site-post-title":"","ast-breadcrumbs-content":"","ast-featured-img":"","footer-sml-layout":"","ast-disable-related-posts":"","theme-transparent-header-meta":"","adv-header-id-meta":"","stick-header-meta":"","header-above-stick-meta":"","header-main-stick-meta":"","header-below-stick-meta":"","astra-migrate-meta-layouts":"default","ast-page-background-enabled":"default","ast-page-background-meta":{"desktop":{"background-color":"var(--ast-global-color-5)","background-image":"","background-repeat":"repeat","background-position":"center center","background-size":"auto","background-attachment":"scroll","background-type":"","background-media":"","overlay-type":"","overlay-color":"","overlay-opacity":"","overlay-gradient":""},"tablet":{"background-color":"","background-image":"","background-repeat":"repeat","background-position":"center center","background-size":"auto","background-attachment":"scroll","background-type":"","background-media":"","overlay-type":"","overlay-color":"","overlay-opacity":"","overlay-gradient":""},"mobile":{"background-color":"","background-image":"","background-repeat":"repeat","background-position":"center center","background-size":"auto","background-attachment":"scroll","background-type":"","background-media":"","overlay-type":"","overlay-color":"","overlay-opacity":"","overlay-gradient":""}},"ast-content-background-meta":{"desktop":{"background-color":"var(--ast-global-color-4)","background-image":"","background-repeat":"repeat","background-position":"center center","background-size":"auto","background-attachment":"scroll","background-type":"","background-media":"","overlay-type":"","overlay-color":"","overlay-opacity":"","overlay-gradient":""},"tablet":{"background-color":"var(--ast-global-color-4)","background-image":"","background-repeat":"repeat","background-position":"center center","background-size":"auto","background-attachment":"scroll","background-type":"","background-media":"","overlay-type":"","overlay-color":"","overlay-opacity":"","overlay-gradient":""},"mobile":{"background-color":"var(--ast-global-color-4)","background-image":"","background-repeat":"repeat","background-position":"center center","background-size":"auto","background-attachment":"scroll","background-type":"","background-media":"","overlay-type":"","overlay-color":"","overlay-opacity":"","overlay-gradient":""}},"footnotes":""},"class_list":["post-7024","page","type-page","status-publish","hentry"],"_links":{"self":[{"href":"https:\/\/fjon.de\/index.php?rest_route=\/wp\/v2\/pages\/7024","targetHints":{"allow":["GET"]}}],"collection":[{"href":"https:\/\/fjon.de\/index.php?rest_route=\/wp\/v2\/pages"}],"about":[{"href":"https:\/\/fjon.de\/index.php?rest_route=\/wp\/v2\/types\/page"}],"author":[{"embeddable":true,"href":"https:\/\/fjon.de\/index.php?rest_route=\/wp\/v2\/users\/1"}],"replies":[{"embeddable":true,"href":"https:\/\/fjon.de\/index.php?rest_route=%2Fwp%2Fv2%2Fcomments&post=7024"}],"version-history":[{"count":0,"href":"https:\/\/fjon.de\/index.php?rest_route=\/wp\/v2\/pages\/7024\/revisions"}],"up":[{"embeddable":true,"href":"https:\/\/fjon.de\/index.php?rest_route=\/wp\/v2\/pages\/5655"}],"wp:attachment":[{"href":"https:\/\/fjon.de\/index.php?rest_route=%2Fwp%2Fv2%2Fmedia&parent=7024"}],"curies":[{"name":"wp","href":"https:\/\/api.w.org\/{rel}","templated":true}]}}