{"id":7026,"date":"2025-09-01T11:18:21","date_gmt":"2025-09-01T09:18:21","guid":{"rendered":"https:\/\/fjon.de\/?page_id=7026"},"modified":"2025-09-11T20:37:38","modified_gmt":"2025-09-11T18:37:38","slug":"grossbritannien-bbfc","status":"publish","type":"page","link":"https:\/\/fjon.de\/?page_id=7026","title":{"rendered":"GROSSBRITANNIEN (BBFC)"},"content":{"rendered":"&nbsp;\n\n<div class=\"wp-block-buttons is-content-justification-center is-layout-flex wp-container-core-buttons-is-layout-a89b3969 wp-block-buttons-is-layout-flex\">\n<div class=\"wp-block-button\"><a class=\"wp-block-button__link has-text-align-center wp-element-button\" href=\"https:\/\/fjon.de\/?page_id=7038\">AUSTRALIEN<\/a><\/div>\n\n\n\n<div class=\"wp-block-button\"><a class=\"wp-block-button__link wp-element-button\" href=\"https:\/\/fjon.de\/?page_id=7022\">DEUTSCHLAND<\/a><\/div>\n\n\n\n<div class=\"wp-block-button\"><a class=\"wp-block-button__link wp-element-button\" href=\"https:\/\/fjon.de\/?page_id=7028\">FRANKREICH<\/a><\/div>\n\n\n\n<div class=\"wp-block-button\"><a class=\"wp-block-button__link wp-element-button\" href=\"https:\/\/fjon.de\/?page_id=7026\">GROSSBRITANNIEN<\/a><\/div>\n\n\n\n<div class=\"wp-block-button\"><a class=\"wp-block-button__link wp-element-button\" href=\"https:\/\/fjon.de\/?page_id=7030\">HONGKONG<\/a><\/div>\n\n\n\n<div class=\"wp-block-button\"><a class=\"wp-block-button__link wp-element-button\" href=\"https:\/\/fjon.de\/?page_id=7032\">ITALIEN<\/a><\/div>\n\n\n\n<div class=\"wp-block-button\"><a class=\"wp-block-button__link wp-element-button\" href=\"https:\/\/fjon.de\/?page_id=7036\">JAPAN<\/a><\/div>\n\n\n\n<div class=\"wp-block-button\"><a class=\"wp-block-button__link wp-element-button\" href=\"https:\/\/fjon.de\/?page_id=7034\">NIEDERLANDE<\/a><\/div>\n\n\n\n<div class=\"wp-block-button\"><a class=\"wp-block-button__link wp-element-button\" href=\"https:\/\/fjon.de\/?page_id=7040\">TAIWAN<\/a><\/div>\n\n\n\n<div class=\"wp-block-button\"><a class=\"wp-block-button__link wp-element-button\" href=\"https:\/\/fjon.de\/?page_id=7024\">USA<\/a><\/div>\n<\/div>\n\n\n\n<p><\/p>\n\n&nbsp;\n\n<hr style=\"height: 3px; width: 100%; background-color: #046BD2;\" \/>\n<strong><mark style=\"background-color: #046BD2; color: white\">&nbsp;BBFC (BRITISH BOARD OF FILM CLASSIFICATION)&nbsp;<\/mark><\/strong>\n<br><\/br>\n<div style=\"color: green;\"><strong>U (Universal):<\/strong> Der Film ist f\u00fcr alle Altersgruppen geeignet und darf ohne Einschr\u00e4nkungen gezeigt werden.<br \/><\/div><div style=\"color: orange;\"><strong>PG (Parental Guidance):<\/strong> Der Film ist f\u00fcr alle Altersgruppen geeignet, jedoch sollten Eltern darauf hingewiesen werden, dass einige Szenen f\u00fcr Kinder ungeeignet sein k\u00f6nnen.<br \/><\/div><div style=\"color: darkorange;\"><strong>BBFC12A (12 Accompanied\/Advisory):<\/strong> Der Film ist ab 12 Jahren freigegeben, jedoch ist es Kindern unter 12 Jahren erlaubt, ihn in Begleitung eines Erwachsenen anzusehen. Diese Freigabe gilt nur f\u00fcr Kinofilme.<br \/><\/div><div style=\"color: darkorange;\"><strong>BBFC12:<\/strong> \u00c4hnlich wie 12A, jedoch ist hier eine Altersgrenze von 12 Jahren bindend. Die Begleitung durch einen Erwachsenen ist nicht vorgesehen.<br \/><\/div><div style=\"color:purple;\"><strong>BBFC15:<\/strong> Freigegeben ab 15 Jahren.<br \/><\/div><div style=\"color: red;\"><strong>BBFC18 (Restricted):<\/strong> Der Film ist nur f\u00fcr Erwachsene ab 18 Jahren zugelassen.<br \/><\/div><div style=\"color: blue;\"><strong>R18 (Restricted \/ Porn):<\/strong> Freigegeben ab 18 Jahren. Verkauf in lizenzierten Sexkinos oder Sexshops. Enth\u00e4lt Hardcore-Pornografie.<br \/><\/div>\n&nbsp;\n<p style=\"text-align: justify;\"><i>Die BBFC ist eine unabh\u00e4ngige Stelle, die ihre Richtlinien regelm\u00e4\u00dfig aktualisiert, um sie an die Werte und Erwartungen der britischen Bev\u00f6lkerung anzupassen. Die Freigaben sind verpflichtend und sollen den Jugendschutz gew\u00e4hrleisten, indem sie das Publikum vor potenziell sch\u00e4dlichen Inhalten sch\u00fctzen und fundierte Entscheidungen erm\u00f6glichen. Alle Filme, die im Vereinigten K\u00f6nigreich verkauft werden, m\u00fcssen eine BBFC-Freigabe haben.<\/i><\/p>\n<hr style=\"height: 3px; width: 100%; background-color: #046BD2;\" \/>","protected":false},"excerpt":{"rendered":"<p>&nbsp; &nbsp; &nbsp;BBFC (BRITISH BOARD OF FILM CLASSIFICATION)&nbsp; U (Universal): Der Film ist f\u00fcr alle Altersgruppen geeignet und darf ohne [&hellip;]<\/p>\n","protected":false},"author":1,"featured_media":0,"parent":5655,"menu_order":0,"comment_status":"closed","ping_status":"closed","template":"","meta":{"site-sidebar-layout":"default","site-content-layout":"","ast-site-content-layout":"default","site-content-style":"default","site-sidebar-style":"default","ast-global-header-display":"","ast-banner-title-visibility":"","ast-main-header-display":"","ast-hfb-above-header-display":"","ast-hfb-below-header-display":"","ast-hfb-mobile-header-display":"","site-post-title":"","ast-breadcrumbs-content":"","ast-featured-img":"","footer-sml-layout":"","ast-disable-related-posts":"","theme-transparent-header-meta":"","adv-header-id-meta":"","stick-header-meta":"","header-above-stick-meta":"","header-main-stick-meta":"","header-below-stick-meta":"","astra-migrate-meta-layouts":"default","ast-page-background-enabled":"default","ast-page-background-meta":{"desktop":{"background-color":"var(--ast-global-color-5)","background-image":"","background-repeat":"repeat","background-position":"center center","background-size":"auto","background-attachment":"scroll","background-type":"","background-media":"","overlay-type":"","overlay-color":"","overlay-opacity":"","overlay-gradient":""},"tablet":{"background-color":"","background-image":"","background-repeat":"repeat","background-position":"center center","background-size":"auto","background-attachment":"scroll","background-type":"","background-media":"","overlay-type":"","overlay-color":"","overlay-opacity":"","overlay-gradient":""},"mobile":{"background-color":"","background-image":"","background-repeat":"repeat","background-position":"center center","background-size":"auto","background-attachment":"scroll","background-type":"","background-media":"","overlay-type":"","overlay-color":"","overlay-opacity":"","overlay-gradient":""}},"ast-content-background-meta":{"desktop":{"background-color":"var(--ast-global-color-4)","background-image":"","background-repeat":"repeat","background-position":"center center","background-size":"auto","background-attachment":"scroll","background-type":"","background-media":"","overlay-type":"","overlay-color":"","overlay-opacity":"","overlay-gradient":""},"tablet":{"background-color":"var(--ast-global-color-4)","background-image":"","background-repeat":"repeat","background-position":"center center","background-size":"auto","background-attachment":"scroll","background-type":"","background-media":"","overlay-type":"","overlay-color":"","overlay-opacity":"","overlay-gradient":""},"mobile":{"background-color":"var(--ast-global-color-4)","background-image":"","background-repeat":"repeat","background-position":"center center","background-size":"auto","background-attachment":"scroll","background-type":"","background-media":"","overlay-type":"","overlay-color":"","overlay-opacity":"","overlay-gradient":""}},"footnotes":""},"class_list":["post-7026","page","type-page","status-publish","hentry"],"_links":{"self":[{"href":"https:\/\/fjon.de\/index.php?rest_route=\/wp\/v2\/pages\/7026","targetHints":{"allow":["GET"]}}],"collection":[{"href":"https:\/\/fjon.de\/index.php?rest_route=\/wp\/v2\/pages"}],"about":[{"href":"https:\/\/fjon.de\/index.php?rest_route=\/wp\/v2\/types\/page"}],"author":[{"embeddable":true,"href":"https:\/\/fjon.de\/index.php?rest_route=\/wp\/v2\/users\/1"}],"replies":[{"embeddable":true,"href":"https:\/\/fjon.de\/index.php?rest_route=%2Fwp%2Fv2%2Fcomments&post=7026"}],"version-history":[{"count":0,"href":"https:\/\/fjon.de\/index.php?rest_route=\/wp\/v2\/pages\/7026\/revisions"}],"up":[{"embeddable":true,"href":"https:\/\/fjon.de\/index.php?rest_route=\/wp\/v2\/pages\/5655"}],"wp:attachment":[{"href":"https:\/\/fjon.de\/index.php?rest_route=%2Fwp%2Fv2%2Fmedia&parent=7026"}],"curies":[{"name":"wp","href":"https:\/\/api.w.org\/{rel}","templated":true}]}}