{"id":7028,"date":"2025-09-01T11:18:46","date_gmt":"2025-09-01T09:18:46","guid":{"rendered":"https:\/\/fjon.de\/?page_id=7028"},"modified":"2025-09-11T10:05:53","modified_gmt":"2025-09-11T08:05:53","slug":"frankreich-cnc","status":"publish","type":"page","link":"https:\/\/fjon.de\/?page_id=7028","title":{"rendered":"FRANKREICH (CNC)"},"content":{"rendered":"&nbsp;\n\n<div class=\"wp-block-buttons is-content-justification-center is-layout-flex wp-container-core-buttons-is-layout-a89b3969 wp-block-buttons-is-layout-flex\">\n<div class=\"wp-block-button\"><a class=\"wp-block-button__link has-text-align-center wp-element-button\" href=\"https:\/\/fjon.de\/?page_id=7038\">AUSTRALIEN<\/a><\/div>\n\n\n\n<div class=\"wp-block-button\"><a class=\"wp-block-button__link wp-element-button\" href=\"https:\/\/fjon.de\/?page_id=7022\">DEUTSCHLAND<\/a><\/div>\n\n\n\n<div class=\"wp-block-button\"><a class=\"wp-block-button__link wp-element-button\" href=\"https:\/\/fjon.de\/?page_id=7028\">FRANKREICH<\/a><\/div>\n\n\n\n<div class=\"wp-block-button\"><a class=\"wp-block-button__link wp-element-button\" href=\"https:\/\/fjon.de\/?page_id=7026\">GROSSBRITANNIEN<\/a><\/div>\n\n\n\n<div class=\"wp-block-button\"><a class=\"wp-block-button__link wp-element-button\" href=\"https:\/\/fjon.de\/?page_id=7030\">HONGKONG<\/a><\/div>\n\n\n\n<div class=\"wp-block-button\"><a class=\"wp-block-button__link wp-element-button\" href=\"https:\/\/fjon.de\/?page_id=7032\">ITALIEN<\/a><\/div>\n\n\n\n<div class=\"wp-block-button\"><a class=\"wp-block-button__link wp-element-button\" href=\"https:\/\/fjon.de\/?page_id=7036\">JAPAN<\/a><\/div>\n\n\n\n<div class=\"wp-block-button\"><a class=\"wp-block-button__link wp-element-button\" href=\"https:\/\/fjon.de\/?page_id=7034\">NIEDERLANDE<\/a><\/div>\n\n\n\n<div class=\"wp-block-button\"><a class=\"wp-block-button__link wp-element-button\" href=\"https:\/\/fjon.de\/?page_id=7040\">TAIWAN<\/a><\/div>\n\n\n\n<div class=\"wp-block-button\"><a class=\"wp-block-button__link wp-element-button\" href=\"https:\/\/fjon.de\/?page_id=7024\">USA<\/a><\/div>\n<\/div>\n\n\n\n<p><\/p>\n\n&nbsp;\n\n<hr style=\"height: 3px; width: 100%; background-color: #046BD2;\" \/>\n<strong><mark style=\"background-color: #046BD2; color: white\">&nbsp;CNC (CENTRE NATIONAL DU CIN\u00c9MA ET DE L&#8217;IMAGE ANIM\u00c9E)&nbsp;<\/mark><\/strong>\n<br><\/br>\n<div><strong>&#8222;Tous publics \/ 0&#8220; (f\u00fcr alle Altersgruppen):<\/strong> Diese Freigabe ist f\u00fcr alle Altersgruppen geeignet. <br \/><\/div><div><strong>12 Jahre:<\/strong> Filme dieser Kategorie sind f\u00fcr Jugendliche ab 12 Jahren gedacht. Kinder, die j\u00fcnger sind, k\u00f6nnen diese Filme jedoch in Begleitung eines Elternteils oder einer erziehungsbeauftragten Person sehen.<br \/><\/div><div><strong>16 Jahre:<\/strong> Filme mit dieser Freigabe sind f\u00fcr Jugendliche ab 16 Jahren bestimmt. <br \/><\/div><div><strong>18 Jahre:<\/strong> Diese Freigabe gilt nur f\u00fcr Erwachsene und verbietet Kindern und Jugendlichen den Zugang zu den Filmen.<br \/><\/div>\n&nbsp;\n<p style=\"text-align: justify;\"><i>In Frankreich gibt es keine farblichen Kennzeichungen bei Altersfreigaben f\u00fcr Filme.  Insgesamt ist man in Frankreich in Bezug auf Altersfreigaben weitaus weniger restriktiv als etwa in Deutschland oder Irland: Ca. 70 % aller Filme werden mit der Kennzeichnung \u201eohne Altersbeschr\u00e4nkung\u201c (\u201etous publics\u201c oder \u201efilm tous publics lors de sa sortie en salle\u201c) versehen. Darunter zahlreiche Filme, die in Deutschland erst ab 16 Jahren freigegeben sind (zum Beispiel Eyes Wide Shut von Stanley Kubrick). Die weiteren Stufen sind \u201eab 12 Jahren\u201c, unter die auch Filme wie Rambo II oder Starship Troopers fallen, die in Deutschland ab 18 Jahren freigegeben sind bzw. auf der Liste der jugendgef\u00e4hrdenden Medien stehen.<\/i><\/p>\n<hr style=\"height: 3px; width: 100%; background-color: #046BD2;\" \/>","protected":false},"excerpt":{"rendered":"<p>&nbsp; &nbsp; &nbsp;CNC (CENTRE NATIONAL DU CIN\u00c9MA ET DE L&#8217;IMAGE ANIM\u00c9E)&nbsp; &#8222;Tous publics \/ 0&#8220; (f\u00fcr alle Altersgruppen): Diese Freigabe [&hellip;]<\/p>\n","protected":false},"author":1,"featured_media":0,"parent":5655,"menu_order":0,"comment_status":"closed","ping_status":"closed","template":"","meta":{"site-sidebar-layout":"default","site-content-layout":"","ast-site-content-layout":"default","site-content-style":"default","site-sidebar-style":"default","ast-global-header-display":"","ast-banner-title-visibility":"","ast-main-header-display":"","ast-hfb-above-header-display":"","ast-hfb-below-header-display":"","ast-hfb-mobile-header-display":"","site-post-title":"","ast-breadcrumbs-content":"","ast-featured-img":"","footer-sml-layout":"","ast-disable-related-posts":"","theme-transparent-header-meta":"","adv-header-id-meta":"","stick-header-meta":"","header-above-stick-meta":"","header-main-stick-meta":"","header-below-stick-meta":"","astra-migrate-meta-layouts":"default","ast-page-background-enabled":"default","ast-page-background-meta":{"desktop":{"background-color":"var(--ast-global-color-5)","background-image":"","background-repeat":"repeat","background-position":"center center","background-size":"auto","background-attachment":"scroll","background-type":"","background-media":"","overlay-type":"","overlay-color":"","overlay-opacity":"","overlay-gradient":""},"tablet":{"background-color":"","background-image":"","background-repeat":"repeat","background-position":"center center","background-size":"auto","background-attachment":"scroll","background-type":"","background-media":"","overlay-type":"","overlay-color":"","overlay-opacity":"","overlay-gradient":""},"mobile":{"background-color":"","background-image":"","background-repeat":"repeat","background-position":"center center","background-size":"auto","background-attachment":"scroll","background-type":"","background-media":"","overlay-type":"","overlay-color":"","overlay-opacity":"","overlay-gradient":""}},"ast-content-background-meta":{"desktop":{"background-color":"var(--ast-global-color-4)","background-image":"","background-repeat":"repeat","background-position":"center center","background-size":"auto","background-attachment":"scroll","background-type":"","background-media":"","overlay-type":"","overlay-color":"","overlay-opacity":"","overlay-gradient":""},"tablet":{"background-color":"var(--ast-global-color-4)","background-image":"","background-repeat":"repeat","background-position":"center center","background-size":"auto","background-attachment":"scroll","background-type":"","background-media":"","overlay-type":"","overlay-color":"","overlay-opacity":"","overlay-gradient":""},"mobile":{"background-color":"var(--ast-global-color-4)","background-image":"","background-repeat":"repeat","background-position":"center center","background-size":"auto","background-attachment":"scroll","background-type":"","background-media":"","overlay-type":"","overlay-color":"","overlay-opacity":"","overlay-gradient":""}},"footnotes":""},"class_list":["post-7028","page","type-page","status-publish","hentry"],"_links":{"self":[{"href":"https:\/\/fjon.de\/index.php?rest_route=\/wp\/v2\/pages\/7028","targetHints":{"allow":["GET"]}}],"collection":[{"href":"https:\/\/fjon.de\/index.php?rest_route=\/wp\/v2\/pages"}],"about":[{"href":"https:\/\/fjon.de\/index.php?rest_route=\/wp\/v2\/types\/page"}],"author":[{"embeddable":true,"href":"https:\/\/fjon.de\/index.php?rest_route=\/wp\/v2\/users\/1"}],"replies":[{"embeddable":true,"href":"https:\/\/fjon.de\/index.php?rest_route=%2Fwp%2Fv2%2Fcomments&post=7028"}],"version-history":[{"count":0,"href":"https:\/\/fjon.de\/index.php?rest_route=\/wp\/v2\/pages\/7028\/revisions"}],"up":[{"embeddable":true,"href":"https:\/\/fjon.de\/index.php?rest_route=\/wp\/v2\/pages\/5655"}],"wp:attachment":[{"href":"https:\/\/fjon.de\/index.php?rest_route=%2Fwp%2Fv2%2Fmedia&parent=7028"}],"curies":[{"name":"wp","href":"https:\/\/api.w.org\/{rel}","templated":true}]}}