{"id":7030,"date":"2025-09-01T11:19:18","date_gmt":"2025-09-01T09:19:18","guid":{"rendered":"https:\/\/fjon.de\/?page_id=7030"},"modified":"2025-09-11T10:08:38","modified_gmt":"2025-09-11T08:08:38","slug":"hongkong-fca","status":"publish","type":"page","link":"https:\/\/fjon.de\/?page_id=7030","title":{"rendered":"HONGKONG (FCA)"},"content":{"rendered":"&nbsp;\n\n<div class=\"wp-block-buttons is-content-justification-center is-layout-flex wp-container-core-buttons-is-layout-a89b3969 wp-block-buttons-is-layout-flex\">\n<div class=\"wp-block-button\"><a class=\"wp-block-button__link has-text-align-center wp-element-button\" href=\"https:\/\/fjon.de\/?page_id=7038\">AUSTRALIEN<\/a><\/div>\n\n\n\n<div class=\"wp-block-button\"><a class=\"wp-block-button__link wp-element-button\" href=\"https:\/\/fjon.de\/?page_id=7022\">DEUTSCHLAND<\/a><\/div>\n\n\n\n<div class=\"wp-block-button\"><a class=\"wp-block-button__link wp-element-button\" href=\"https:\/\/fjon.de\/?page_id=7028\">FRANKREICH<\/a><\/div>\n\n\n\n<div class=\"wp-block-button\"><a class=\"wp-block-button__link wp-element-button\" href=\"https:\/\/fjon.de\/?page_id=7026\">GROSSBRITANNIEN<\/a><\/div>\n\n\n\n<div class=\"wp-block-button\"><a class=\"wp-block-button__link wp-element-button\" href=\"https:\/\/fjon.de\/?page_id=7030\">HONGKONG<\/a><\/div>\n\n\n\n<div class=\"wp-block-button\"><a class=\"wp-block-button__link wp-element-button\" href=\"https:\/\/fjon.de\/?page_id=7032\">ITALIEN<\/a><\/div>\n\n\n\n<div class=\"wp-block-button\"><a class=\"wp-block-button__link wp-element-button\" href=\"https:\/\/fjon.de\/?page_id=7036\">JAPAN<\/a><\/div>\n\n\n\n<div class=\"wp-block-button\"><a class=\"wp-block-button__link wp-element-button\" href=\"https:\/\/fjon.de\/?page_id=7034\">NIEDERLANDE<\/a><\/div>\n\n\n\n<div class=\"wp-block-button\"><a class=\"wp-block-button__link wp-element-button\" href=\"https:\/\/fjon.de\/?page_id=7040\">TAIWAN<\/a><\/div>\n\n\n\n<div class=\"wp-block-button\"><a class=\"wp-block-button__link wp-element-button\" href=\"https:\/\/fjon.de\/?page_id=7024\">USA<\/a><\/div>\n<\/div>\n\n\n\n<p><\/p>\n\n&nbsp;\n\n<hr style=\"height: 3px; width: 100%; background-color: #046BD2;\" \/>\n<strong><mark style=\"background-color: #046BD2; color: white\">&nbsp;FCA (FILM CENSORSHIP AUTHORITY)&nbsp;<\/mark><\/strong>\n<br><\/br>\n<div><strong>CAT I:<\/strong> Filme, die f\u00fcr alle Altersgruppen geeignet sind.<br \/><\/div><div><strong>CAT IIA:<\/strong>  Filme, die nicht f\u00fcr Kinder oder j\u00fcngere Personen geeignet sind.<br \/><\/div><div><strong>CAT IIB:<\/strong>  Filme, die nicht f\u00fcr Kinder oder j\u00fcngere Personen freigegeben sind.<br \/><\/div><div><strong>CAT III:<\/strong> Filme, die nur f\u00fcr Personen ab 18 Jahren freigegeben sind.<br \/><\/div>\n&nbsp;\n<p style=\"text-align: justify;\"><i>In Hongkong gibt es keine farblichen Kennzeichungen bei Altersfreigaben f\u00fcr Filme. Das System soll Erwachsenen uneingeschr\u00e4nkten Zugang zu Filmen erm\u00f6glichen, w\u00e4hrend Personen unter 18 Jahren vor potenziell sch\u00e4dlichen Inhalten gesch\u00fctzt werden sollen. Das System der Altersfreigaben wurde 1988 mit der &#8222;MSO&#8220; (Movie Screening Ordinance) eingef\u00fchrt. Zuvor war das Angebot in den Kinos unbeschr\u00e4nkt, was bedeutete, dass alle Filme f\u00fcr alle Altersgruppen zug\u00e4nglich waren. Kategorie III wurde insbesondere f\u00fcr Horrorfilme und Softpornos zu einer Art G\u00fctesiegel.<\/i><\/p>\n<hr style=\"height: 3px; width: 100%; background-color: #046BD2;\" \/>","protected":false},"excerpt":{"rendered":"<p>&nbsp; &nbsp; &nbsp;FCA (FILM CENSORSHIP AUTHORITY)&nbsp; CAT I: Filme, die f\u00fcr alle Altersgruppen geeignet sind. CAT IIA: Filme, die nicht [&hellip;]<\/p>\n","protected":false},"author":1,"featured_media":0,"parent":5655,"menu_order":0,"comment_status":"closed","ping_status":"closed","template":"","meta":{"site-sidebar-layout":"default","site-content-layout":"","ast-site-content-layout":"default","site-content-style":"default","site-sidebar-style":"default","ast-global-header-display":"","ast-banner-title-visibility":"","ast-main-header-display":"","ast-hfb-above-header-display":"","ast-hfb-below-header-display":"","ast-hfb-mobile-header-display":"","site-post-title":"","ast-breadcrumbs-content":"","ast-featured-img":"","footer-sml-layout":"","ast-disable-related-posts":"","theme-transparent-header-meta":"","adv-header-id-meta":"","stick-header-meta":"","header-above-stick-meta":"","header-main-stick-meta":"","header-below-stick-meta":"","astra-migrate-meta-layouts":"default","ast-page-background-enabled":"default","ast-page-background-meta":{"desktop":{"background-color":"var(--ast-global-color-5)","background-image":"","background-repeat":"repeat","background-position":"center center","background-size":"auto","background-attachment":"scroll","background-type":"","background-media":"","overlay-type":"","overlay-color":"","overlay-opacity":"","overlay-gradient":""},"tablet":{"background-color":"","background-image":"","background-repeat":"repeat","background-position":"center center","background-size":"auto","background-attachment":"scroll","background-type":"","background-media":"","overlay-type":"","overlay-color":"","overlay-opacity":"","overlay-gradient":""},"mobile":{"background-color":"","background-image":"","background-repeat":"repeat","background-position":"center center","background-size":"auto","background-attachment":"scroll","background-type":"","background-media":"","overlay-type":"","overlay-color":"","overlay-opacity":"","overlay-gradient":""}},"ast-content-background-meta":{"desktop":{"background-color":"var(--ast-global-color-4)","background-image":"","background-repeat":"repeat","background-position":"center center","background-size":"auto","background-attachment":"scroll","background-type":"","background-media":"","overlay-type":"","overlay-color":"","overlay-opacity":"","overlay-gradient":""},"tablet":{"background-color":"var(--ast-global-color-4)","background-image":"","background-repeat":"repeat","background-position":"center center","background-size":"auto","background-attachment":"scroll","background-type":"","background-media":"","overlay-type":"","overlay-color":"","overlay-opacity":"","overlay-gradient":""},"mobile":{"background-color":"var(--ast-global-color-4)","background-image":"","background-repeat":"repeat","background-position":"center center","background-size":"auto","background-attachment":"scroll","background-type":"","background-media":"","overlay-type":"","overlay-color":"","overlay-opacity":"","overlay-gradient":""}},"footnotes":""},"class_list":["post-7030","page","type-page","status-publish","hentry"],"_links":{"self":[{"href":"https:\/\/fjon.de\/index.php?rest_route=\/wp\/v2\/pages\/7030","targetHints":{"allow":["GET"]}}],"collection":[{"href":"https:\/\/fjon.de\/index.php?rest_route=\/wp\/v2\/pages"}],"about":[{"href":"https:\/\/fjon.de\/index.php?rest_route=\/wp\/v2\/types\/page"}],"author":[{"embeddable":true,"href":"https:\/\/fjon.de\/index.php?rest_route=\/wp\/v2\/users\/1"}],"replies":[{"embeddable":true,"href":"https:\/\/fjon.de\/index.php?rest_route=%2Fwp%2Fv2%2Fcomments&post=7030"}],"version-history":[{"count":0,"href":"https:\/\/fjon.de\/index.php?rest_route=\/wp\/v2\/pages\/7030\/revisions"}],"up":[{"embeddable":true,"href":"https:\/\/fjon.de\/index.php?rest_route=\/wp\/v2\/pages\/5655"}],"wp:attachment":[{"href":"https:\/\/fjon.de\/index.php?rest_route=%2Fwp%2Fv2%2Fmedia&parent=7030"}],"curies":[{"name":"wp","href":"https:\/\/api.w.org\/{rel}","templated":true}]}}