{"id":7032,"date":"2025-09-01T11:19:44","date_gmt":"2025-09-01T09:19:44","guid":{"rendered":"https:\/\/fjon.de\/?page_id=7032"},"modified":"2025-09-11T11:35:05","modified_gmt":"2025-09-11T09:35:05","slug":"italien-vd","status":"publish","type":"page","link":"https:\/\/fjon.de\/?page_id=7032","title":{"rendered":"ITALIEN (VD)"},"content":{"rendered":"&nbsp;\n\n<div class=\"wp-block-buttons is-content-justification-center is-layout-flex wp-container-core-buttons-is-layout-a89b3969 wp-block-buttons-is-layout-flex\">\n<div class=\"wp-block-button\"><a class=\"wp-block-button__link has-text-align-center wp-element-button\" href=\"https:\/\/fjon.de\/?page_id=7038\">AUSTRALIEN<\/a><\/div>\n\n\n\n<div class=\"wp-block-button\"><a class=\"wp-block-button__link wp-element-button\" href=\"https:\/\/fjon.de\/?page_id=7022\">DEUTSCHLAND<\/a><\/div>\n\n\n\n<div class=\"wp-block-button\"><a class=\"wp-block-button__link wp-element-button\" href=\"https:\/\/fjon.de\/?page_id=7028\">FRANKREICH<\/a><\/div>\n\n\n\n<div class=\"wp-block-button\"><a class=\"wp-block-button__link wp-element-button\" href=\"https:\/\/fjon.de\/?page_id=7026\">GROSSBRITANNIEN<\/a><\/div>\n\n\n\n<div class=\"wp-block-button\"><a class=\"wp-block-button__link wp-element-button\" href=\"https:\/\/fjon.de\/?page_id=7030\">HONGKONG<\/a><\/div>\n\n\n\n<div class=\"wp-block-button\"><a class=\"wp-block-button__link wp-element-button\" href=\"https:\/\/fjon.de\/?page_id=7032\">ITALIEN<\/a><\/div>\n\n\n\n<div class=\"wp-block-button\"><a class=\"wp-block-button__link wp-element-button\" href=\"https:\/\/fjon.de\/?page_id=7036\">JAPAN<\/a><\/div>\n\n\n\n<div class=\"wp-block-button\"><a class=\"wp-block-button__link wp-element-button\" href=\"https:\/\/fjon.de\/?page_id=7034\">NIEDERLANDE<\/a><\/div>\n\n\n\n<div class=\"wp-block-button\"><a class=\"wp-block-button__link wp-element-button\" href=\"https:\/\/fjon.de\/?page_id=7040\">TAIWAN<\/a><\/div>\n\n\n\n<div class=\"wp-block-button\"><a class=\"wp-block-button__link wp-element-button\" href=\"https:\/\/fjon.de\/?page_id=7024\">USA<\/a><\/div>\n<\/div>\n\n\n\n<p><\/p>\n\n&nbsp;\n\n<hr style=\"height: 3px; width: 100%; background-color: #046BD2;\" \/>\n<strong><mark style=\"background-color: #046BD2; color: white\">&nbsp;VD (VISION DISTRIBUTION)&nbsp;<\/mark><\/strong>\n<br><\/br>\n<div><strong>T (tutti):<\/strong> Freigegeben f\u00fcr alle Altersklassen.<br \/><\/div><div style=\"color: green;\"><strong>6+ Jahre:<\/strong> Keine Personen unter 6 Jahren zugelassen.<br \/><\/div><div style=\"color: darkturquoise;\"><strong>10+ Jahre:<\/strong> Keine Personen unter 10 Jahren zugelassen.<br \/><\/div><div style=\"color: orange;\"><strong>14+ Jahre:<\/strong> Keine Personen unter 14 Jahren zugelassen.<br \/><\/div><div style=\"color: red;\"><strong>18+ Jahre:<\/strong> Keine Personen unter 18 Jahren zugelassen.<br \/><\/div>\n&nbsp;\n<p style=\"text-align: justify;\"><i><strong>In Italien gibt es keine staatliche oder gesetzliche Vorgabe f\u00fcr Altersfreigaben.<\/strong> Die Einstufungen sind nicht rechtlich bindend, sondern sollen eine Richtlinie f\u00fcr den Verbraucher sein. Der \u00f6konomische Druck kann jedoch dazu f\u00fchren, dass die Verleihfirmen Filme mit niedrigeren Altersfreigaben anstreben, um eine breitere Ver\u00f6ffentlichung und Bewerbung zu erm\u00f6glichen. Zus\u00e4tzlich zu den Altersfreigaben gibt es in Italien auch Regelungen zur elterlichen Begleitung bei \u00f6ffentlichen Filmvorf\u00fchrungen. Kinder unter sechs Jahren d\u00fcrfen beispielsweise nur Filme sehen, die f\u00fcr alle Altersgruppen freigegeben sind oder wenn sie von einer erziehungsbeauftragten Person begleitet werden.<\/i><\/p>\n<hr style=\"height: 3px; width: 100%; background-color: #046BD2;\" \/>","protected":false},"excerpt":{"rendered":"<p>&nbsp; &nbsp; &nbsp;VD (VISION DISTRIBUTION)&nbsp; T (tutti): Freigegeben f\u00fcr alle Altersklassen. 6+ Jahre: Keine Personen unter 6 Jahren zugelassen. 10+ [&hellip;]<\/p>\n","protected":false},"author":1,"featured_media":0,"parent":5655,"menu_order":0,"comment_status":"closed","ping_status":"closed","template":"","meta":{"site-sidebar-layout":"default","site-content-layout":"","ast-site-content-layout":"default","site-content-style":"default","site-sidebar-style":"default","ast-global-header-display":"","ast-banner-title-visibility":"","ast-main-header-display":"","ast-hfb-above-header-display":"","ast-hfb-below-header-display":"","ast-hfb-mobile-header-display":"","site-post-title":"","ast-breadcrumbs-content":"","ast-featured-img":"","footer-sml-layout":"","ast-disable-related-posts":"","theme-transparent-header-meta":"","adv-header-id-meta":"","stick-header-meta":"","header-above-stick-meta":"","header-main-stick-meta":"","header-below-stick-meta":"","astra-migrate-meta-layouts":"default","ast-page-background-enabled":"default","ast-page-background-meta":{"desktop":{"background-color":"var(--ast-global-color-5)","background-image":"","background-repeat":"repeat","background-position":"center center","background-size":"auto","background-attachment":"scroll","background-type":"","background-media":"","overlay-type":"","overlay-color":"","overlay-opacity":"","overlay-gradient":""},"tablet":{"background-color":"","background-image":"","background-repeat":"repeat","background-position":"center center","background-size":"auto","background-attachment":"scroll","background-type":"","background-media":"","overlay-type":"","overlay-color":"","overlay-opacity":"","overlay-gradient":""},"mobile":{"background-color":"","background-image":"","background-repeat":"repeat","background-position":"center center","background-size":"auto","background-attachment":"scroll","background-type":"","background-media":"","overlay-type":"","overlay-color":"","overlay-opacity":"","overlay-gradient":""}},"ast-content-background-meta":{"desktop":{"background-color":"var(--ast-global-color-4)","background-image":"","background-repeat":"repeat","background-position":"center center","background-size":"auto","background-attachment":"scroll","background-type":"","background-media":"","overlay-type":"","overlay-color":"","overlay-opacity":"","overlay-gradient":""},"tablet":{"background-color":"var(--ast-global-color-4)","background-image":"","background-repeat":"repeat","background-position":"center center","background-size":"auto","background-attachment":"scroll","background-type":"","background-media":"","overlay-type":"","overlay-color":"","overlay-opacity":"","overlay-gradient":""},"mobile":{"background-color":"var(--ast-global-color-4)","background-image":"","background-repeat":"repeat","background-position":"center center","background-size":"auto","background-attachment":"scroll","background-type":"","background-media":"","overlay-type":"","overlay-color":"","overlay-opacity":"","overlay-gradient":""}},"footnotes":""},"class_list":["post-7032","page","type-page","status-publish","hentry"],"_links":{"self":[{"href":"https:\/\/fjon.de\/index.php?rest_route=\/wp\/v2\/pages\/7032","targetHints":{"allow":["GET"]}}],"collection":[{"href":"https:\/\/fjon.de\/index.php?rest_route=\/wp\/v2\/pages"}],"about":[{"href":"https:\/\/fjon.de\/index.php?rest_route=\/wp\/v2\/types\/page"}],"author":[{"embeddable":true,"href":"https:\/\/fjon.de\/index.php?rest_route=\/wp\/v2\/users\/1"}],"replies":[{"embeddable":true,"href":"https:\/\/fjon.de\/index.php?rest_route=%2Fwp%2Fv2%2Fcomments&post=7032"}],"version-history":[{"count":0,"href":"https:\/\/fjon.de\/index.php?rest_route=\/wp\/v2\/pages\/7032\/revisions"}],"up":[{"embeddable":true,"href":"https:\/\/fjon.de\/index.php?rest_route=\/wp\/v2\/pages\/5655"}],"wp:attachment":[{"href":"https:\/\/fjon.de\/index.php?rest_route=%2Fwp%2Fv2%2Fmedia&parent=7032"}],"curies":[{"name":"wp","href":"https:\/\/api.w.org\/{rel}","templated":true}]}}