{"id":7034,"date":"2025-09-01T11:20:10","date_gmt":"2025-09-01T09:20:10","guid":{"rendered":"https:\/\/fjon.de\/?page_id=7034"},"modified":"2025-11-07T16:05:31","modified_gmt":"2025-11-07T15:05:31","slug":"niederlande-nicam","status":"publish","type":"page","link":"https:\/\/fjon.de\/?page_id=7034","title":{"rendered":"NIEDERLANDE (NICAM)"},"content":{"rendered":"&nbsp;\n\n<div class=\"wp-block-buttons is-content-justification-center is-layout-flex wp-container-core-buttons-is-layout-a89b3969 wp-block-buttons-is-layout-flex\">\n<div class=\"wp-block-button\"><a class=\"wp-block-button__link has-text-align-center wp-element-button\" href=\"https:\/\/fjon.de\/?page_id=7038\">AUSTRALIEN<\/a><\/div>\n\n\n\n<div class=\"wp-block-button\"><a class=\"wp-block-button__link wp-element-button\" href=\"https:\/\/fjon.de\/?page_id=7022\">DEUTSCHLAND<\/a><\/div>\n\n\n\n<div class=\"wp-block-button\"><a class=\"wp-block-button__link wp-element-button\" href=\"https:\/\/fjon.de\/?page_id=7028\">FRANKREICH<\/a><\/div>\n\n\n\n<div class=\"wp-block-button\"><a class=\"wp-block-button__link wp-element-button\" href=\"https:\/\/fjon.de\/?page_id=7026\">GROSSBRITANNIEN<\/a><\/div>\n\n\n\n<div class=\"wp-block-button\"><a class=\"wp-block-button__link wp-element-button\" href=\"https:\/\/fjon.de\/?page_id=7030\">HONGKONG<\/a><\/div>\n\n\n\n<div class=\"wp-block-button\"><a class=\"wp-block-button__link wp-element-button\" href=\"https:\/\/fjon.de\/?page_id=7032\">ITALIEN<\/a><\/div>\n\n\n\n<div class=\"wp-block-button\"><a class=\"wp-block-button__link wp-element-button\" href=\"https:\/\/fjon.de\/?page_id=7036\">JAPAN<\/a><\/div>\n\n\n\n<div class=\"wp-block-button\"><a class=\"wp-block-button__link wp-element-button\" href=\"https:\/\/fjon.de\/?page_id=7034\">NIEDERLANDE<\/a><\/div>\n\n\n\n<div class=\"wp-block-button\"><a class=\"wp-block-button__link wp-element-button\" href=\"https:\/\/fjon.de\/?page_id=7040\">TAIWAN<\/a><\/div>\n\n\n\n<div class=\"wp-block-button\"><a class=\"wp-block-button__link wp-element-button\" href=\"https:\/\/fjon.de\/?page_id=7024\">USA<\/a><\/div>\n<\/div>\n\n\n\n<p><\/p>\n\n&nbsp;\n\n<hr style=\"height: 3px; width: 100%; background-color: #046BD2;\" \/>\n<strong><mark style=\"background-color: #046BD2; color: white\">&nbsp;NICAM (NEDERLANDS INSTITUUT VOOR DE CLASSIFICATIE VAN AUDIOVISUELE MEDIA)&nbsp;<\/mark><\/strong>\n<br><\/br>\n<div style=\"color: green;\"><strong>AL (alle Leeftijden):<\/strong> Ohne Altersbeschr\u00e4nkung.<br \/><\/div><div style=\"color: darkorange;\"><strong>6 Jahre:<\/strong> Empfohlen ab 6 Jahren.<br \/><\/div><div style=\"color: darkorange;\"><strong>9 Jahre:<\/strong> Empfohlen ab 9 Jahren.<br \/><\/div><div style=\"color: darkorange;\"><strong>12 Jahre:<\/strong> Empfohlen ab 12 Jahren.<br \/><\/div><div style=\"color: darkorange;\"><strong>14 Jahre:<\/strong> Empfohlen ab 14 Jahren.<br \/><\/div><div style=\"color: red;\"><strong>16 Jahre:<\/strong> Freigegeben ab 16 Jahren.<br \/><\/div><div style=\"color: darkorange;\"><strong>18 Jahre:<\/strong> Empfohlen ab 18 Jahren.<br \/><\/div>\n&nbsp;\n<p style=\"text-align: justify;\"><i>In den Niederlanden gibt es kein bindendes Gesetz f\u00fcr Altersfreigaben bei Filmen, sondern das System <strong>Kijkwijzer<\/strong> des NICAM bietet Eltern eine Orientierungshilfe f\u00fcr Inhalte. Die Altersstufen reichen von &#8222;keine Altersbeschr\u00e4nkung&#8220; \u00fcber &#8222;ab 6&#8220; und &#8222;ab 12&#8220; bis hin zu &#8222;ab 16&#8220; und &#8222;ab 18&#8220; Jahren, wobei Letztere bei extremen Inhalten wie Gewalt und Pornografie zum Einsatz kommen. <span style=\"color: red;\">Die Altersfreigabe &#8222;ab 16 Jahren&#8220; ist die einzige, die eine verbindliche Altersgrenze darstellt.<\/span> Kinder unter 16 Jahren d\u00fcrfen einen Film mit dieser Freigabe nicht sehen (auch nicht in Begleitung Erwachsener). Die Kennzeichnungen &#8222;AL&#8220; (keine Altersbeschr\u00e4nkung), &#8222;ab 6 Jahren&#8220;, &#8222;ab 9 Jahren&#8220;, &#8222;ab 12 Jahren&#8220; und &#8222;ab 18 Jahren&#8220; sind dagegen reine Empfehlungen und nicht verpflichtend.\n<br><\/br>\n<strong>Kijkwijzer<\/strong> ist ein Informationssystem, das von der audiovisuellen Branche selbst betrieben wird. Es liefert eine \u00dcbersicht \u00fcber die Inhalte von Filmen und Serien, die f\u00fcr bestimmte Altersgruppen geeignet sind <\/i><\/p>\n<hr style=\"height: 3px; width: 100%; background-color: #046BD2;\" \/>","protected":false},"excerpt":{"rendered":"<p>&nbsp; &nbsp; &nbsp;NICAM (NEDERLANDS INSTITUUT VOOR DE CLASSIFICATIE VAN AUDIOVISUELE MEDIA)&nbsp; AL (alle Leeftijden): Ohne Altersbeschr\u00e4nkung. 6 Jahre: Empfohlen ab [&hellip;]<\/p>\n","protected":false},"author":1,"featured_media":0,"parent":5655,"menu_order":0,"comment_status":"closed","ping_status":"closed","template":"","meta":{"site-sidebar-layout":"default","site-content-layout":"","ast-site-content-layout":"default","site-content-style":"default","site-sidebar-style":"default","ast-global-header-display":"","ast-banner-title-visibility":"","ast-main-header-display":"","ast-hfb-above-header-display":"","ast-hfb-below-header-display":"","ast-hfb-mobile-header-display":"","site-post-title":"","ast-breadcrumbs-content":"","ast-featured-img":"","footer-sml-layout":"","ast-disable-related-posts":"","theme-transparent-header-meta":"","adv-header-id-meta":"","stick-header-meta":"","header-above-stick-meta":"","header-main-stick-meta":"","header-below-stick-meta":"","astra-migrate-meta-layouts":"default","ast-page-background-enabled":"default","ast-page-background-meta":{"desktop":{"background-color":"var(--ast-global-color-5)","background-image":"","background-repeat":"repeat","background-position":"center center","background-size":"auto","background-attachment":"scroll","background-type":"","background-media":"","overlay-type":"","overlay-color":"","overlay-opacity":"","overlay-gradient":""},"tablet":{"background-color":"","background-image":"","background-repeat":"repeat","background-position":"center center","background-size":"auto","background-attachment":"scroll","background-type":"","background-media":"","overlay-type":"","overlay-color":"","overlay-opacity":"","overlay-gradient":""},"mobile":{"background-color":"","background-image":"","background-repeat":"repeat","background-position":"center center","background-size":"auto","background-attachment":"scroll","background-type":"","background-media":"","overlay-type":"","overlay-color":"","overlay-opacity":"","overlay-gradient":""}},"ast-content-background-meta":{"desktop":{"background-color":"var(--ast-global-color-4)","background-image":"","background-repeat":"repeat","background-position":"center center","background-size":"auto","background-attachment":"scroll","background-type":"","background-media":"","overlay-type":"","overlay-color":"","overlay-opacity":"","overlay-gradient":""},"tablet":{"background-color":"var(--ast-global-color-4)","background-image":"","background-repeat":"repeat","background-position":"center center","background-size":"auto","background-attachment":"scroll","background-type":"","background-media":"","overlay-type":"","overlay-color":"","overlay-opacity":"","overlay-gradient":""},"mobile":{"background-color":"var(--ast-global-color-4)","background-image":"","background-repeat":"repeat","background-position":"center center","background-size":"auto","background-attachment":"scroll","background-type":"","background-media":"","overlay-type":"","overlay-color":"","overlay-opacity":"","overlay-gradient":""}},"footnotes":""},"class_list":["post-7034","page","type-page","status-publish","hentry"],"_links":{"self":[{"href":"https:\/\/fjon.de\/index.php?rest_route=\/wp\/v2\/pages\/7034","targetHints":{"allow":["GET"]}}],"collection":[{"href":"https:\/\/fjon.de\/index.php?rest_route=\/wp\/v2\/pages"}],"about":[{"href":"https:\/\/fjon.de\/index.php?rest_route=\/wp\/v2\/types\/page"}],"author":[{"embeddable":true,"href":"https:\/\/fjon.de\/index.php?rest_route=\/wp\/v2\/users\/1"}],"replies":[{"embeddable":true,"href":"https:\/\/fjon.de\/index.php?rest_route=%2Fwp%2Fv2%2Fcomments&post=7034"}],"version-history":[{"count":0,"href":"https:\/\/fjon.de\/index.php?rest_route=\/wp\/v2\/pages\/7034\/revisions"}],"up":[{"embeddable":true,"href":"https:\/\/fjon.de\/index.php?rest_route=\/wp\/v2\/pages\/5655"}],"wp:attachment":[{"href":"https:\/\/fjon.de\/index.php?rest_route=%2Fwp%2Fv2%2Fmedia&parent=7034"}],"curies":[{"name":"wp","href":"https:\/\/api.w.org\/{rel}","templated":true}]}}