{"id":7036,"date":"2025-09-01T11:20:39","date_gmt":"2025-09-01T09:20:39","guid":{"rendered":"https:\/\/fjon.de\/?page_id=7036"},"modified":"2025-09-20T09:23:15","modified_gmt":"2025-09-20T07:23:15","slug":"japan-eirin","status":"publish","type":"page","link":"https:\/\/fjon.de\/?page_id=7036","title":{"rendered":"JAPAN (EIRIN)"},"content":{"rendered":"&nbsp;\n\n<div class=\"wp-block-buttons is-content-justification-center is-layout-flex wp-container-core-buttons-is-layout-a89b3969 wp-block-buttons-is-layout-flex\">\n<div class=\"wp-block-button\"><a class=\"wp-block-button__link has-text-align-center wp-element-button\" href=\"https:\/\/fjon.de\/?page_id=7038\">AUSTRALIEN<\/a><\/div>\n\n\n\n<div class=\"wp-block-button\"><a class=\"wp-block-button__link wp-element-button\" href=\"https:\/\/fjon.de\/?page_id=7022\">DEUTSCHLAND<\/a><\/div>\n\n\n\n<div class=\"wp-block-button\"><a class=\"wp-block-button__link wp-element-button\" href=\"https:\/\/fjon.de\/?page_id=7028\">FRANKREICH<\/a><\/div>\n\n\n\n<div class=\"wp-block-button\"><a class=\"wp-block-button__link wp-element-button\" href=\"https:\/\/fjon.de\/?page_id=7026\">GROSSBRITANNIEN<\/a><\/div>\n\n\n\n<div class=\"wp-block-button\"><a class=\"wp-block-button__link wp-element-button\" href=\"https:\/\/fjon.de\/?page_id=7030\">HONGKONG<\/a><\/div>\n\n\n\n<div class=\"wp-block-button\"><a class=\"wp-block-button__link wp-element-button\" href=\"https:\/\/fjon.de\/?page_id=7032\">ITALIEN<\/a><\/div>\n\n\n\n<div class=\"wp-block-button\"><a class=\"wp-block-button__link wp-element-button\" href=\"https:\/\/fjon.de\/?page_id=7036\">JAPAN<\/a><\/div>\n\n\n\n<div class=\"wp-block-button\"><a class=\"wp-block-button__link wp-element-button\" href=\"https:\/\/fjon.de\/?page_id=7034\">NIEDERLANDE<\/a><\/div>\n\n\n\n<div class=\"wp-block-button\"><a class=\"wp-block-button__link wp-element-button\" href=\"https:\/\/fjon.de\/?page_id=7040\">TAIWAN<\/a><\/div>\n\n\n\n<div class=\"wp-block-button\"><a class=\"wp-block-button__link wp-element-button\" href=\"https:\/\/fjon.de\/?page_id=7024\">USA<\/a><\/div>\n<\/div>\n\n\n\n<p><\/p>\n\n&nbsp;\n\n<hr style=\"height: 3px; width: 100%; background-color: #046BD2;\" \/>\n<strong><mark style=\"background-color: #046BD2; color: white\">&nbsp;EIRIN (EIGA RINRI IINKAI \/ FILM-ETHIK-KOMITEE)&nbsp;<\/mark><\/strong>\n<br><\/br>\n<div style=\"color: green;\"><strong>G\u6620\u502b (General Audiences):<\/strong> F\u00fcr alle Altersstufen geeignet.<br \/><\/div><div style=\"color: royalblue;\"><strong>PG12\u6620\u502b (Parental Guidance Suggested):<\/strong> Freigegeben ab 12 Jahren (unter 12 Jahren Erwachsenenbegleitung empfohlen).<br \/><\/div><div style=\"color: purple;\"><strong>R15+\u6620\u502b (Restricted over 15):<\/strong> Freigegeben ab 15 Jahren.<br \/><\/div><div style=\"color: red;\"><strong>R18+\u6620\u502b (Restricted over 18):<\/strong> Freigegeben ab 18 Jahren.<br \/><\/div>\n&nbsp;\n<p style=\"text-align: justify;\"><i>Im Gegensatz zu anderen L\u00e4ndern -wie zum Beispiel Deutschland mit der FSK- ist die Vorlage von Filmen zur Pr\u00fcfung bei der Eirin keine rechtliche Verpflichtung, sondern wird freiwillig von den Filmemachern durchgef\u00fchrt.<\/i><\/p>\n<hr style=\"height: 3px; width: 100%; background-color: #046BD2;\" \/>","protected":false},"excerpt":{"rendered":"<p>&nbsp; &nbsp; &nbsp;EIRIN (EIGA RINRI IINKAI \/ FILM-ETHIK-KOMITEE)&nbsp; G\u6620\u502b (General Audiences): F\u00fcr alle Altersstufen geeignet. PG12\u6620\u502b (Parental Guidance Suggested): Freigegeben [&hellip;]<\/p>\n","protected":false},"author":1,"featured_media":0,"parent":5655,"menu_order":0,"comment_status":"closed","ping_status":"closed","template":"","meta":{"site-sidebar-layout":"default","site-content-layout":"","ast-site-content-layout":"default","site-content-style":"default","site-sidebar-style":"default","ast-global-header-display":"","ast-banner-title-visibility":"","ast-main-header-display":"","ast-hfb-above-header-display":"","ast-hfb-below-header-display":"","ast-hfb-mobile-header-display":"","site-post-title":"","ast-breadcrumbs-content":"","ast-featured-img":"","footer-sml-layout":"","ast-disable-related-posts":"","theme-transparent-header-meta":"","adv-header-id-meta":"","stick-header-meta":"","header-above-stick-meta":"","header-main-stick-meta":"","header-below-stick-meta":"","astra-migrate-meta-layouts":"default","ast-page-background-enabled":"default","ast-page-background-meta":{"desktop":{"background-color":"var(--ast-global-color-5)","background-image":"","background-repeat":"repeat","background-position":"center center","background-size":"auto","background-attachment":"scroll","background-type":"","background-media":"","overlay-type":"","overlay-color":"","overlay-opacity":"","overlay-gradient":""},"tablet":{"background-color":"","background-image":"","background-repeat":"repeat","background-position":"center center","background-size":"auto","background-attachment":"scroll","background-type":"","background-media":"","overlay-type":"","overlay-color":"","overlay-opacity":"","overlay-gradient":""},"mobile":{"background-color":"","background-image":"","background-repeat":"repeat","background-position":"center center","background-size":"auto","background-attachment":"scroll","background-type":"","background-media":"","overlay-type":"","overlay-color":"","overlay-opacity":"","overlay-gradient":""}},"ast-content-background-meta":{"desktop":{"background-color":"var(--ast-global-color-4)","background-image":"","background-repeat":"repeat","background-position":"center center","background-size":"auto","background-attachment":"scroll","background-type":"","background-media":"","overlay-type":"","overlay-color":"","overlay-opacity":"","overlay-gradient":""},"tablet":{"background-color":"var(--ast-global-color-4)","background-image":"","background-repeat":"repeat","background-position":"center center","background-size":"auto","background-attachment":"scroll","background-type":"","background-media":"","overlay-type":"","overlay-color":"","overlay-opacity":"","overlay-gradient":""},"mobile":{"background-color":"var(--ast-global-color-4)","background-image":"","background-repeat":"repeat","background-position":"center center","background-size":"auto","background-attachment":"scroll","background-type":"","background-media":"","overlay-type":"","overlay-color":"","overlay-opacity":"","overlay-gradient":""}},"footnotes":""},"class_list":["post-7036","page","type-page","status-publish","hentry"],"_links":{"self":[{"href":"https:\/\/fjon.de\/index.php?rest_route=\/wp\/v2\/pages\/7036","targetHints":{"allow":["GET"]}}],"collection":[{"href":"https:\/\/fjon.de\/index.php?rest_route=\/wp\/v2\/pages"}],"about":[{"href":"https:\/\/fjon.de\/index.php?rest_route=\/wp\/v2\/types\/page"}],"author":[{"embeddable":true,"href":"https:\/\/fjon.de\/index.php?rest_route=\/wp\/v2\/users\/1"}],"replies":[{"embeddable":true,"href":"https:\/\/fjon.de\/index.php?rest_route=%2Fwp%2Fv2%2Fcomments&post=7036"}],"version-history":[{"count":0,"href":"https:\/\/fjon.de\/index.php?rest_route=\/wp\/v2\/pages\/7036\/revisions"}],"up":[{"embeddable":true,"href":"https:\/\/fjon.de\/index.php?rest_route=\/wp\/v2\/pages\/5655"}],"wp:attachment":[{"href":"https:\/\/fjon.de\/index.php?rest_route=%2Fwp%2Fv2%2Fmedia&parent=7036"}],"curies":[{"name":"wp","href":"https:\/\/api.w.org\/{rel}","templated":true}]}}