{"id":7038,"date":"2025-09-01T11:21:09","date_gmt":"2025-09-01T09:21:09","guid":{"rendered":"https:\/\/fjon.de\/?page_id=7038"},"modified":"2025-10-02T16:26:27","modified_gmt":"2025-10-02T14:26:27","slug":"australien-acb","status":"publish","type":"page","link":"https:\/\/fjon.de\/?page_id=7038","title":{"rendered":"AUSTRALIEN (ACB)"},"content":{"rendered":"&nbsp;\n\n<div class=\"wp-block-buttons is-content-justification-center is-layout-flex wp-container-core-buttons-is-layout-a89b3969 wp-block-buttons-is-layout-flex\">\n<div class=\"wp-block-button\"><a class=\"wp-block-button__link has-text-align-center wp-element-button\" href=\"https:\/\/fjon.de\/?page_id=7038\">AUSTRALIEN<\/a><\/div>\n\n\n\n<div class=\"wp-block-button\"><a class=\"wp-block-button__link wp-element-button\" href=\"https:\/\/fjon.de\/?page_id=7022\">DEUTSCHLAND<\/a><\/div>\n\n\n\n<div class=\"wp-block-button\"><a class=\"wp-block-button__link wp-element-button\" href=\"https:\/\/fjon.de\/?page_id=7028\">FRANKREICH<\/a><\/div>\n\n\n\n<div class=\"wp-block-button\"><a class=\"wp-block-button__link wp-element-button\" href=\"https:\/\/fjon.de\/?page_id=7026\">GROSSBRITANNIEN<\/a><\/div>\n\n\n\n<div class=\"wp-block-button\"><a class=\"wp-block-button__link wp-element-button\" href=\"https:\/\/fjon.de\/?page_id=7030\">HONGKONG<\/a><\/div>\n\n\n\n<div class=\"wp-block-button\"><a class=\"wp-block-button__link wp-element-button\" href=\"https:\/\/fjon.de\/?page_id=7032\">ITALIEN<\/a><\/div>\n\n\n\n<div class=\"wp-block-button\"><a class=\"wp-block-button__link wp-element-button\" href=\"https:\/\/fjon.de\/?page_id=7036\">JAPAN<\/a><\/div>\n\n\n\n<div class=\"wp-block-button\"><a class=\"wp-block-button__link wp-element-button\" href=\"https:\/\/fjon.de\/?page_id=7034\">NIEDERLANDE<\/a><\/div>\n\n\n\n<div class=\"wp-block-button\"><a class=\"wp-block-button__link wp-element-button\" href=\"https:\/\/fjon.de\/?page_id=7040\">TAIWAN<\/a><\/div>\n\n\n\n<div class=\"wp-block-button\"><a class=\"wp-block-button__link wp-element-button\" href=\"https:\/\/fjon.de\/?page_id=7024\">USA<\/a><\/div>\n<\/div>\n\n\n\n<p><\/p>\n\n&nbsp;\n\n<hr style=\"height: 3px; width: 100%; background-color: #046BD2;\" \/>\n<strong><span style=\"background-color: #046BD2; color: #FFFFFF\">&nbsp;ACB (AUSTRALIAN CLASSIFICATION BOARD)&nbsp;<\/span><\/strong>\n<br><\/br>\n<div style=\"color: green;\"><strong>G (General):<\/strong> F\u00fcr alle Altersklassen geeignet.<br \/><\/div><div style=\"color: orange;\"><strong>PG (Parental Guidance):<\/strong> Eltern m\u00fcssen die Eignung f\u00fcr ihre Kinder pr\u00fcfen.<br \/><\/div><div style=\"color: royalblue;\"><strong>M (Mature):<\/strong> Nicht f\u00fcr Kinder unter 15 Jahren empfohlen; erfordert einen gewissen Reifegrad.<br \/><\/div><div style=\"color: red;\"><strong>MA15+ (Restricted)<\/strong> Gesetzlich eingeschr\u00e4nkt; f\u00fcr Personen unter 15 Jahren nicht geeignet.<br \/><\/div><div style=\"color: brown;\"><strong>R18+ (Restricted):<\/strong> F\u00fcr Erwachsene ab 18 Jahren; nur f\u00fcr Erwachsene geeignet.<br \/><\/div><div style=\"color: brown;\"><strong>X18+ (Porn):<\/strong> Eingeschr\u00e4nkte Ausstellung; Kinder von 3 bis 17 Jahren haben keinen Zutritt.<br \/><\/div><div><strong>RC (Refused Classification):<\/strong> Verweigerte Freigabe.<br \/><\/div>\n&nbsp;\n<p style=\"text-align: justify;\"><i>Das australische System ist nicht statisch. Die Ratings k\u00f6nnen sich \u00e4ndern, wenn das Publikum die Inhalte des Films unterschiedlich interpretiert. Wie in Deutschland ist es verboten, einen Film ohne Klassifizierung zu vertreiben.<\/i><\/p>\n<hr style=\"height: 3px; width: 100%; background-color: #046BD2;\" \/>","protected":false},"excerpt":{"rendered":"<p>&nbsp; &nbsp; &nbsp;ACB (AUSTRALIAN CLASSIFICATION BOARD)&nbsp; G (General): F\u00fcr alle Altersklassen geeignet. PG (Parental Guidance): Eltern m\u00fcssen die Eignung f\u00fcr [&hellip;]<\/p>\n","protected":false},"author":1,"featured_media":0,"parent":5655,"menu_order":0,"comment_status":"closed","ping_status":"closed","template":"","meta":{"site-sidebar-layout":"default","site-content-layout":"","ast-site-content-layout":"default","site-content-style":"default","site-sidebar-style":"default","ast-global-header-display":"","ast-banner-title-visibility":"","ast-main-header-display":"","ast-hfb-above-header-display":"","ast-hfb-below-header-display":"","ast-hfb-mobile-header-display":"","site-post-title":"","ast-breadcrumbs-content":"","ast-featured-img":"","footer-sml-layout":"","ast-disable-related-posts":"","theme-transparent-header-meta":"","adv-header-id-meta":"","stick-header-meta":"","header-above-stick-meta":"","header-main-stick-meta":"","header-below-stick-meta":"","astra-migrate-meta-layouts":"default","ast-page-background-enabled":"default","ast-page-background-meta":{"desktop":{"background-color":"var(--ast-global-color-5)","background-image":"","background-repeat":"repeat","background-position":"center center","background-size":"auto","background-attachment":"scroll","background-type":"","background-media":"","overlay-type":"","overlay-color":"","overlay-opacity":"","overlay-gradient":""},"tablet":{"background-color":"","background-image":"","background-repeat":"repeat","background-position":"center center","background-size":"auto","background-attachment":"scroll","background-type":"","background-media":"","overlay-type":"","overlay-color":"","overlay-opacity":"","overlay-gradient":""},"mobile":{"background-color":"","background-image":"","background-repeat":"repeat","background-position":"center center","background-size":"auto","background-attachment":"scroll","background-type":"","background-media":"","overlay-type":"","overlay-color":"","overlay-opacity":"","overlay-gradient":""}},"ast-content-background-meta":{"desktop":{"background-color":"var(--ast-global-color-4)","background-image":"","background-repeat":"repeat","background-position":"center center","background-size":"auto","background-attachment":"scroll","background-type":"","background-media":"","overlay-type":"","overlay-color":"","overlay-opacity":"","overlay-gradient":""},"tablet":{"background-color":"var(--ast-global-color-4)","background-image":"","background-repeat":"repeat","background-position":"center center","background-size":"auto","background-attachment":"scroll","background-type":"","background-media":"","overlay-type":"","overlay-color":"","overlay-opacity":"","overlay-gradient":""},"mobile":{"background-color":"var(--ast-global-color-4)","background-image":"","background-repeat":"repeat","background-position":"center center","background-size":"auto","background-attachment":"scroll","background-type":"","background-media":"","overlay-type":"","overlay-color":"","overlay-opacity":"","overlay-gradient":""}},"footnotes":""},"class_list":["post-7038","page","type-page","status-publish","hentry"],"_links":{"self":[{"href":"https:\/\/fjon.de\/index.php?rest_route=\/wp\/v2\/pages\/7038","targetHints":{"allow":["GET"]}}],"collection":[{"href":"https:\/\/fjon.de\/index.php?rest_route=\/wp\/v2\/pages"}],"about":[{"href":"https:\/\/fjon.de\/index.php?rest_route=\/wp\/v2\/types\/page"}],"author":[{"embeddable":true,"href":"https:\/\/fjon.de\/index.php?rest_route=\/wp\/v2\/users\/1"}],"replies":[{"embeddable":true,"href":"https:\/\/fjon.de\/index.php?rest_route=%2Fwp%2Fv2%2Fcomments&post=7038"}],"version-history":[{"count":0,"href":"https:\/\/fjon.de\/index.php?rest_route=\/wp\/v2\/pages\/7038\/revisions"}],"up":[{"embeddable":true,"href":"https:\/\/fjon.de\/index.php?rest_route=\/wp\/v2\/pages\/5655"}],"wp:attachment":[{"href":"https:\/\/fjon.de\/index.php?rest_route=%2Fwp%2Fv2%2Fmedia&parent=7038"}],"curies":[{"name":"wp","href":"https:\/\/api.w.org\/{rel}","templated":true}]}}