{"id":7122,"date":"2025-09-01T13:56:49","date_gmt":"2025-09-01T11:56:49","guid":{"rendered":"https:\/\/fjon.de\/?page_id=7122"},"modified":"2025-09-05T11:48:01","modified_gmt":"2025-09-05T09:48:01","slug":"altersfreigabe-fsk6","status":"publish","type":"page","link":"https:\/\/fjon.de\/?page_id=7122","title":{"rendered":"FSK6"},"content":{"rendered":"&nbsp;\n\n<div class=\"wp-block-buttons is-content-justification-center is-layout-flex wp-container-core-buttons-is-layout-a89b3969 wp-block-buttons-is-layout-flex\">\n<div class=\"wp-block-button\"><a class=\"wp-block-button__link wp-element-button\" href=\"https:\/\/fjon.de\/?cat=5647\">FSK0<\/a><\/div>\n\n\n\n<div class=\"wp-block-button\"><a class=\"wp-block-button__link wp-element-button\" href=\"https:\/\/fjon.de\/?cat=6\">FSK6<\/a><\/div>\n\n\n\n<div class=\"wp-block-button\"><a class=\"wp-block-button__link wp-element-button\" href=\"https:\/\/fjon.de\/?cat=3\">FSK12<\/a><\/div>\n\n\n\n<div class=\"wp-block-button\"><a class=\"wp-block-button__link wp-element-button\" href=\"https:\/\/fjon.de\/?cat=4\">FSK16<\/a><\/div>\n\n\n\n<div class=\"wp-block-button\"><a class=\"wp-block-button__link wp-element-button\" href=\"https:\/\/fjon.de\/?cat=5\">FSK18<\/a><\/div>\n\n\n\n<div class=\"wp-block-button\"><a class=\"wp-block-button__link wp-element-button\" href=\"https:\/\/fjon.de\/?cat=29\">SPIO\/JK<\/a><\/div>\n\n\n\n<div class=\"wp-block-button\"><a class=\"wp-block-button__link wp-element-button\" href=\"https:\/\/fjon.de\/?cat=40\">UNRATED<\/a><\/div>\n\n\n\n<div class=\"wp-block-button\"><a class=\"wp-block-button__link wp-element-button\" href=\"https:\/\/fjon.de\/?cat=78701\">\u00a7131<\/a><\/div>\n<\/div>\n\n\n\n<p><\/p>\n\n&nbsp;\n\n<hr style=\"height: 3px; width: 100%; background-color: #046BD2;\" \/>\n<p style=\"text-align: justify;\"><strong>FSK6:<\/strong> Ab 6 Jahren entwickeln Kinder zunehmend die F\u00e4higkeit spannende und bedrohliche Momente in Filmen zu verarbeiten. Sie tauchen dabei immer noch stark in die Filmhandlung ein und f\u00fchlen mit den Identifikationsfiguren mit. Die Unterscheidung von fiktionalen Geschichten von der eigenen Lebensrealit\u00e4t entwickelt sich in dieser Altersgruppe und erm\u00f6glicht eine distanziertere Wahrnehmung. Dennoch sollten Spannungs- und Bedrohungsmomente in Filmen ab 6 Jahren eher kurz gestaltet sein und positiv aufgel\u00f6st werden. Negative Verhaltensmuster sollten abgelehnt werden.<\/p>\n<hr style=\"height: 3px; width: 100%; background-color: #046BD2;\" \/>\n<p style=\"text-align: center;\">Weitere Infos zu Altersfreigaben und Pr\u00fcfverfahren: <a href=\"https:\/\/fjon.de\/?page_id=5564\" style=\"text-decoration: none\" target=\"_self\" rel=\"noopener\">GLOSSAR<\/a><\/p>","protected":false},"excerpt":{"rendered":"<p>&nbsp; &nbsp; FSK6: Ab 6 Jahren entwickeln Kinder zunehmend die F\u00e4higkeit spannende und bedrohliche Momente in Filmen zu verarbeiten. Sie [&hellip;]<\/p>\n","protected":false},"author":1,"featured_media":0,"parent":2340,"menu_order":0,"comment_status":"closed","ping_status":"closed","template":"","meta":{"site-sidebar-layout":"default","site-content-layout":"","ast-site-content-layout":"default","site-content-style":"default","site-sidebar-style":"default","ast-global-header-display":"","ast-banner-title-visibility":"","ast-main-header-display":"","ast-hfb-above-header-display":"","ast-hfb-below-header-display":"","ast-hfb-mobile-header-display":"","site-post-title":"","ast-breadcrumbs-content":"","ast-featured-img":"","footer-sml-layout":"","ast-disable-related-posts":"","theme-transparent-header-meta":"","adv-header-id-meta":"","stick-header-meta":"","header-above-stick-meta":"","header-main-stick-meta":"","header-below-stick-meta":"","astra-migrate-meta-layouts":"default","ast-page-background-enabled":"default","ast-page-background-meta":{"desktop":{"background-color":"var(--ast-global-color-5)","background-image":"","background-repeat":"repeat","background-position":"center center","background-size":"auto","background-attachment":"scroll","background-type":"","background-media":"","overlay-type":"","overlay-color":"","overlay-opacity":"","overlay-gradient":""},"tablet":{"background-color":"","background-image":"","background-repeat":"repeat","background-position":"center center","background-size":"auto","background-attachment":"scroll","background-type":"","background-media":"","overlay-type":"","overlay-color":"","overlay-opacity":"","overlay-gradient":""},"mobile":{"background-color":"","background-image":"","background-repeat":"repeat","background-position":"center center","background-size":"auto","background-attachment":"scroll","background-type":"","background-media":"","overlay-type":"","overlay-color":"","overlay-opacity":"","overlay-gradient":""}},"ast-content-background-meta":{"desktop":{"background-color":"var(--ast-global-color-4)","background-image":"","background-repeat":"repeat","background-position":"center center","background-size":"auto","background-attachment":"scroll","background-type":"","background-media":"","overlay-type":"","overlay-color":"","overlay-opacity":"","overlay-gradient":""},"tablet":{"background-color":"var(--ast-global-color-4)","background-image":"","background-repeat":"repeat","background-position":"center center","background-size":"auto","background-attachment":"scroll","background-type":"","background-media":"","overlay-type":"","overlay-color":"","overlay-opacity":"","overlay-gradient":""},"mobile":{"background-color":"var(--ast-global-color-4)","background-image":"","background-repeat":"repeat","background-position":"center center","background-size":"auto","background-attachment":"scroll","background-type":"","background-media":"","overlay-type":"","overlay-color":"","overlay-opacity":"","overlay-gradient":""}},"footnotes":""},"class_list":["post-7122","page","type-page","status-publish","hentry"],"_links":{"self":[{"href":"https:\/\/fjon.de\/index.php?rest_route=\/wp\/v2\/pages\/7122","targetHints":{"allow":["GET"]}}],"collection":[{"href":"https:\/\/fjon.de\/index.php?rest_route=\/wp\/v2\/pages"}],"about":[{"href":"https:\/\/fjon.de\/index.php?rest_route=\/wp\/v2\/types\/page"}],"author":[{"embeddable":true,"href":"https:\/\/fjon.de\/index.php?rest_route=\/wp\/v2\/users\/1"}],"replies":[{"embeddable":true,"href":"https:\/\/fjon.de\/index.php?rest_route=%2Fwp%2Fv2%2Fcomments&post=7122"}],"version-history":[{"count":0,"href":"https:\/\/fjon.de\/index.php?rest_route=\/wp\/v2\/pages\/7122\/revisions"}],"up":[{"embeddable":true,"href":"https:\/\/fjon.de\/index.php?rest_route=\/wp\/v2\/pages\/2340"}],"wp:attachment":[{"href":"https:\/\/fjon.de\/index.php?rest_route=%2Fwp%2Fv2%2Fmedia&parent=7122"}],"curies":[{"name":"wp","href":"https:\/\/api.w.org\/{rel}","templated":true}]}}